{"id":1187,"date":"2019-09-08T16:35:36","date_gmt":"2019-09-08T16:35:36","guid":{"rendered":"https:\/\/swisstranslations.com\/?page_id=1187"},"modified":"2024-11-27T22:39:56","modified_gmt":"2024-11-27T22:39:56","slug":"wer-wir-sind","status":"publish","type":"page","link":"https:\/\/swisstranslations.com\/?page_id=1187&lang=de","title":{"rendered":"\u00dcber uns"},"content":{"rendered":"<section class=\"wpb-content-wrapper\"><p>[vc_row full_width=&#8221;stretch_row&#8221; css=&#8221;.vc_custom_1570979710743{background-image: url(https:\/\/swisstranslations.com\/wp-content\/uploads\/2019\/10\/swisstranslations_about_home.jpg?id=1558) !important;background-position: center !important;background-repeat: no-repeat !important;background-size: cover !important;}&#8221;][vc_column][vc_empty_space alter_height=&#8221;large&#8221; hide_on_mobile=&#8221;&#8221; css=&#8221;.vc_custom_1559894009120{margin-top: -0.6rem !important;}&#8221;][\/vc_column][vc_column width=&#8221;1\/2&#8243;]<div id=\"sc_title_1272431007\"\n\t\tclass=\"sc_title sc_title_default  vc_custom_1559831693879\"><h1 class=\"sc_item_title sc_title_title sc_align_left sc_item_title_style_default sc_item_title_tag\">Swiss Translations<\/h1><\/div><!-- \/.sc_title -->[vc_empty_space alter_height=&#8221;small&#8221; hide_on_mobile=&#8221;&#8221;][vc_column_text]Swiss Translations ist eine marktf\u00fchrende \u00dcbersetzungsagentur in der Schweiz und bietet professionelle \u00dcbersetzungsdienstleistungen an, die auf die jeweiligen Bed\u00fcrfnisse des Unternehmens zugeschnitten sind. Mit einem Netzwerk aus hochqualifizierten muttersprachlichen \u00dcbersetzern und umfassenden Erfahrungen in diesem Bereich setzen wir uns daf\u00fcr ein, qualitativ hochwertige \u00dcbersetzungen in allen offiziellen Sprachen der Schweiz sowie in anderen Sprachen zu liefern.[\/vc_column_text][vc_empty_space alter_height=&#8221;large&#8221; hide_on_mobile=&#8221;&#8221; css=&#8221;.vc_custom_1559831748520{margin-bottom: -1.1rem !important;}&#8221;][\/vc_column][vc_column width=&#8221;1\/2&#8243; css=&#8221;.vc_custom_1493987931534{padding-left: 3.7rem !important;}&#8221;][\/vc_column][\/vc_row][vc_row][vc_column][vc_empty_space alter_height=&#8221;large&#8221; hide_on_mobile=&#8221;&#8221; css=&#8221;.vc_custom_1559894016571{margin-top: -1rem !important;}&#8221;]<div id=\"sc_title_2119553641\"\n\t\tclass=\"scheme_default sc_title sc_title_default\"><h3 class=\"sc_item_title sc_title_title sc_align_left sc_item_title_style_default sc_item_title_tag\">Warum Swiss Translation ausw\u00e4hlen f\u00fcr deine schweizerischen \u00dcbersetzungen?<\/h3><\/div><!-- \/.sc_title -->[vc_empty_space alter_height=&#8221;medium&#8221; hide_on_mobile=&#8221;&#8221; css=&#8221;.vc_custom_1560184733014{margin-top: 0.5rem !important;}&#8221;][vc_column_text]1) Fachwissen und fundierte Kenntnisse des Schweizer Marktes: Aufgrund unserer jahrelangen Erfahrung in diesem Sektor sind wir mit den sprachlichen Besonderheiten und den gesetzlichen Bestimmungen des Landes vertraut und k\u00f6nnen Ihnen pr\u00e4zise und gesetzeskonforme \u00dcbersetzungen garantieren.<\/p>\n<p>2) Qualit\u00e4tszertifizierungen ISO 17100 und ISO 9001: Unsere \u00dcbersetzungen sind zertifiziert, um hochwertige Prozesse unter Einhaltung von vereinbarten Fristen und Datenschutzbestimmungen gew\u00e4hrleisten zu k\u00f6nnen.<\/p>\n<p>3) Ein Team von muttersprachlichen Fach\u00fcbersetzern: Wir arbeiten mit qualifizierten Fachleuten aus verschiedenen Bereichen zusammen, um Fach\u00fcbersetzungen zu gew\u00e4hrleisten, die sorgf\u00e4ltig auf die spezifischen Bed\u00fcrfnisse jedes Kunden zugeschnitten sind.<\/p>\n<p>4) Massgeschneidertes Projektmanagement: Jedes \u00dcbersetzungsprojekt wird von einem engagierten Projektmanager betreut, dessen Aufgabe es ist, die Bed\u00fcrfnisse des Kunden zu verstehen und ein qualitativ hochwertiges Endergebnis im Einklang mit dem vereinbarten Zeit- und Budgetrahmen zu gew\u00e4hrleisten.<\/p>\n<p>5) Breites Spektrum an \u00dcbersetzungsdienstleistungen: Mit spezialisierten Ressourcen und einem Team von muttersprachlichen \u00dcbersetzern in mehr als 100 Zielsprachen sind wir in der Lage, die Anforderungen jedes einzelnen Berufssektors zu erf\u00fcllen und f\u00fcr jedes Projekt vollst\u00e4ndige und qualitativ hochwertige L\u00f6sungen anzubieten.[\/vc_column_text][vc_empty_space alter_height=&#8221;medium&#8221; hide_on_mobile=&#8221;&#8221; css=&#8221;.vc_custom_1560184733014{margin-top: 0.5rem !important;}&#8221;]<div id=\"sc_title_1514816150\"\n\t\tclass=\"scheme_default sc_title sc_title_default\"><h3 class=\"sc_item_title sc_title_title sc_align_left sc_item_title_style_default sc_item_title_tag\">Ein Exzellenzpartner f\u00fcr Ihre \u00dcbersetzungen<\/h3><\/div><!-- \/.sc_title -->[vc_empty_space alter_height=&#8221;medium&#8221; hide_on_mobile=&#8221;&#8221; css=&#8221;.vc_custom_1560184733014{margin-top: 0.5rem !important;}&#8221;][vc_column_text]Wenn Sie einen zuverl\u00e4ssigen Partner f\u00fcr Ihre \u00dcbersetzungen in der Schweiz suchen, sollten Sie Swiss Translations Ihr Vertrauen schenken.<\/p>\n<p>Kontaktieren Sie uns noch heute, um ein individuelles Angebot anzufordern und zu erfahren, wie wir Ihnen dabei helfen k\u00f6nnen, effektiv und professionell in jeder gew\u00fcnschten Sprache zu kommunizieren. Wir sind f\u00fcr Sie da, um Ihr Unternehmen zu unterst\u00fctzen und den Erfolg Ihrer \u00dcbersetzungsprojekte zu gew\u00e4hrleisten.[\/vc_column_text][vc_empty_space alter_height=&#8221;medium&#8221; hide_on_mobile=&#8221;&#8221; css=&#8221;.vc_custom_1560184733014{margin-top: 0.5rem !important;}&#8221;]<div id=\"sc_icons_335744649\" \n\tclass=\"sc_icons sc_icons_default sc_icons_size_small sc_align_center\"><div class=\"sc_icons_columns sc_item_columns trx_addons_columns_wrap columns_padding_bottom\"><div class=\"trx_addons_column-1_3\"><div class=\"sc_icons_item\"><div id=\"sc_icons_335744649_icon-database-light\" class=\"sc_icons_icon sc_icon_type_ icon-database-light\"\n\t\t\t\t\t\t\t\t\t\t\t\t><span class=\"sc_icon_type_ icon-database-light\"><\/span><\/div><h4 class=\"sc_icons_item_title\"><span>Branchen\u00fcbergreifende \u00dcbersetzungen<\/span><\/h4><div class=\"sc_icons_item_description\"><span>Bereitstellung von branchen\u00fcbergreifenden \u00dcbersetzungen dank unseres Netzwerkes sorgf\u00e4ltig ausgew\u00e4hlten spezialisierten Fachleute.<\/span><\/div><\/div><\/div><div class=\"trx_addons_column-1_3\"><div class=\"sc_icons_item\"><div id=\"sc_icons_335744649_icon-globe-light\" class=\"sc_icons_icon sc_icon_type_ icon-globe-light\"\n\t\t\t\t\t\t\t\t\t\t\t\t><span class=\"sc_icon_type_ icon-globe-light\"><\/span><\/div><h4 class=\"sc_icons_item_title\"><span>Muttersprachler<\/span><\/h4><div class=\"sc_icons_item_description\"><span>Wir besitzen ein Network von Profi-Muttersprachler mit langj\u00e4hriger Erfahrung in allen wichtigen Weltsprachen.<\/span><\/div><\/div><\/div><div class=\"trx_addons_column-1_3\"><div class=\"sc_icons_item\"><div id=\"sc_icons_335744649_icon-lock-light\" class=\"sc_icons_icon sc_icon_type_ icon-lock-light\"\n\t\t\t\t\t\t\t\t\t\t\t\t><span class=\"sc_icon_type_ icon-lock-light\"><\/span><\/div><h4 class=\"sc_icons_item_title\"><span>Vertraulichkeit<\/span><\/h4><div class=\"sc_icons_item_description\"><span>Unsere \u00dcbersetzer sind sehr aufmerksam und arbeiten mit R\u00fccksicht auf Vertraulichkeit.<\/span><\/div><\/div><\/div><\/div><\/div><!-- \/.sc_icons -->[vc_empty_space alter_height=&#8221;medium&#8221; hide_on_mobile=&#8221;&#8221; css=&#8221;.vc_custom_1560184679131{margin-top: 0.4rem !important;}&#8221;][\/vc_column][\/vc_row][vc_row][vc_column][vc_column_text]<\/p>\n<div class=\"fusion-fullwidth fullwidth-box\">\n<div class=\"avada-row\">\n<p>Zu unseren Dienstleistungen geh\u00f6ren:<\/p>\n<\/div>\n<\/div>\n<p>[\/vc_column_text][vc_empty_space alter_height=&#8221;medium&#8221; hide_on_mobile=&#8221;&#8221; css=&#8221;.vc_custom_1559894681418{margin-top: -1rem !important;}&#8221;][\/vc_column][\/vc_row][vc_row][vc_column width=&#8221;1\/2&#8243;][vc_column_text]<\/p>\n<div class=\"fusion-one-half one_half fusion-layout-column fusion-column spacing-yes\">\n<div class=\"fusion-column-wrapper\">\n<ul>\n<li>\u00dcbersetzung von Gesch\u00e4ftstexten<\/li>\n<li>\u00dcbersetzung von Finanz- und\u00a0Wirtschaftsdokumenten<\/li>\n<li>Technische \u00dcbersetzungen<\/li>\n<li>Juristische \u00dcbersetzungen<\/li>\n<li>Beglaubigte \u00dcbersetzungen<\/li>\n<li>Medizinische und pharmazeutische \u00dcbersetzungen<\/li>\n<li>\u00dcbersetzungen im Bereich Werbung<\/li>\n<li>\u00dcbersetzungen im Bereich Marketing<\/li>\n<li>\u00dcbersetzungen f\u00fcr die Modebranche<\/li>\n<li>\u00dcbersetzungen f\u00fcr die Luxusg\u00fcterbranche<\/li>\n<li>\u00dcbersetzungen im Bereich Veranstaltungsmanagement<\/li>\n<li>\u00dcbersetzungen f\u00fcr die Kosmetikbranche<\/li>\n<li>\u00dcbersetzungen f\u00fcr das Verlagswesen<\/li>\n<li>Literarische \u00dcbersetzungen<\/li>\n<\/ul>\n<\/div>\n<\/div>\n<div class=\"fusion-one-half one_half fusion-layout-column fusion-column last spacing-yes\"><\/div>\n<p>[\/vc_column_text][vc_empty_space alter_height=&#8221;large&#8221; hide_on_mobile=&#8221;&#8221; css=&#8221;.vc_custom_1560182777466{margin-top: -1rem !important;}&#8221;][\/vc_column][vc_column width=&#8221;1\/2&#8243;][vc_column_text]<\/p>\n<div class=\"fusion-fullwidth fullwidth-box\">\n<div class=\"avada-row\">\n<div class=\"fusion-one-half one_half fusion-layout-column fusion-column last spacing-yes\">\n<div class=\"fusion-column-wrapper\">\n<ul>\n<li>\u00dcbersetzungen im Bereich Weingastronomie<\/li>\n<li>\u00dcbersetzungen f\u00fcr den Weinsektor<\/li>\n<li>\u00dcbersetzungen im Bereich Tourismus<\/li>\n<li>\u00dcbersetzungen von Websites<\/li>\n<li>\u00dcbersetzungen von Handb\u00fcchern<\/li>\n<li>\u00dcbersetzungen im Bereich Informatik<\/li>\n<li>\u00dcbersetzungen f\u00fcr den Handel<\/li>\n<li>Wissenschaftliche \u00dcbersetzungen<\/li>\n<li>\u00dcbersetzungen von Faltbl\u00e4ttern, Katalogen und Internetseiten<\/li>\n<li>\u00dcbersetzungen f\u00fcr Werbezwecke<\/li>\n<\/ul>\n<p>\u2026und vieles mehr.<\/p>\n<\/div>\n<\/div>\n<\/div>\n<\/div>\n<p>[\/vc_column_text][vc_empty_space alter_height=&#8221;large&#8221; hide_on_mobile=&#8221;&#8221; css=&#8221;.vc_custom_1560182782847{margin-top: -1rem !important;}&#8221;][\/vc_column][\/vc_row][vc_row][vc_column]<div class=\"sc_layouts sc_layouts_default sc_layouts_1148\"><br \/>\n<b>Warning<\/b>:  Trying to access array offset on value of type bool in <b>\/home\/clients\/140cbea6ec92aaa9032476e604dd0588\/sites\/swisstranslations.com\/wp-content\/plugins\/vc-extensions-bundle\/hotspot\/vc-extensions-hotspot.php<\/b> on line <b>329<\/b><br \/>\n<br \/>\n<b>Warning<\/b>:  Attempt to read property \"ID\" on null in <b>\/home\/clients\/140cbea6ec92aaa9032476e604dd0588\/sites\/swisstranslations.com\/wp-content\/plugins\/vc-extensions-bundle\/hotspot\/vc-extensions-hotspot.php<\/b> on line <b>340<\/b><br \/>\n<br \/>\n<b>Warning<\/b>:  Trying to access array offset on value of type bool in <b>\/home\/clients\/140cbea6ec92aaa9032476e604dd0588\/sites\/swisstranslations.com\/wp-content\/plugins\/vc-extensions-bundle\/hotspot\/vc-extensions-hotspot.php<\/b> on line <b>329<\/b><br \/>\n<br \/>\n<b>Warning<\/b>:  Attempt to read property \"ID\" on null in <b>\/home\/clients\/140cbea6ec92aaa9032476e604dd0588\/sites\/swisstranslations.com\/wp-content\/plugins\/vc-extensions-bundle\/hotspot\/vc-extensions-hotspot.php<\/b> on line <b>340<\/b><br \/>\n[vc_row full_width=\"stretch_row\" row_delimiter=\"\" row_fixed=\"\" hide_on_tablet=\"\" hide_on_mobile=\"1\" hide_on_frontpage=\"\" css=\".vc_custom_1570979835316{background-image: url(https:\/\/swisstranslations.com\/wp-content\/uploads\/2019\/10\/swisstranslations_faq_home.jpg?id=1557) !important;background-position: center !important;background-repeat: no-repeat !important;background-size: cover !important;}\"][vc_column width=\"1\/3\" scheme=\"dark\" icons_position=\"left\"][vc_empty_space alter_height=\"huge\" hide_on_mobile=\"\" css=\".vc_custom_1592498191682{margin-top: -1rem !important;}\"]<div class=\"sc_layouts_item\"><div id=\"sc_title_392124824\"\n\t\tclass=\"sc_title sc_title_default\"><h1 class=\"sc_item_title sc_title_title sc_align_left sc_item_title_style_default sc_item_title_tag\">Hast du irgendwelche Fragen?<\/h1><div class=\"sc_item_descr sc_title_descr sc_align_left\"><p>In unseren FAQ finden Sie Antworten auf die h\u00e4ufigsten Fragen zu \u00dcbersetzungen.<\/p>\n<\/div><div class=\"sc_layouts_item\"><div class=\"sc_item_button sc_item_button_default sc_title_button sc_align_left sc_button_wrap sc_align_left\"><a href=\"https:\/\/swisstranslations.com\/de\/faq-de\/\" id=\"sc_button_641911635\" class=\"sc_button sc_button_default sc_button_size_normal sc_button_icon_left\"><span class=\"sc_button_text\"><span class=\"sc_button_title\">Weiterlesen<\/span><\/span><!-- \/.sc_button_text --><\/a><!-- \/.sc_button --><\/div><!-- \/.sc_item_button sc_item_button_default sc_title_button sc_align_left --><\/div><\/div><!-- \/.sc_title --><\/div>[vc_empty_space alter_height=\"huge\" hide_on_mobile=\"\"][\/vc_column][vc_column width=\"2\/3\" icons_position=\"left\"]<div style=\"width:;\" class=\"cqtooltip-wrapper \" data-opacity=\"1\" data-tooltipanimation=\"grow\" data-tooltipstyle=\"shadow\" data-trigger=\"\" data-maxwidth=\"323\" data-marginoffset=\"\" data-isdisplayall=\"off\" data-displayednum=\"1\"><img decoding=\"async\" src=\"\" alt=\"\" \/><div class=\"cq-hotspots\"><div class=\"hotspot-item  \" style=\"top:500%;left:20%;\" data-top=\"500%\" data-left=\"20%\"><a href=\"#\" class=\"cq-tooltip\" style=\"background:rgba(255,255,255,0.8);\" data-tooltip=\"&lt;h5&gt;Wie berechnen Sie die Kosten einer \u00dcbersetzung?&lt;\/h5&gt;\r\n&lt;div class=&quot;sc_layouts_item&quot;&gt;&lt;a href=&quot;https:\/\/swisstranslations.com\/de\/faq-de\/&quot; id=&quot;sc_button_477591211&quot; class=&quot;sc_button sc_button_default sc_button_size_normal sc_button_icon_center&quot;&gt;&lt;span class=&quot;sc_button_text&quot;&gt;&lt;span class=&quot;sc_button_title&quot;&gt;Antworten&lt;\/span&gt;&lt;\/span&gt;&lt;!-- \/.sc_button_text --&gt;&lt;\/a&gt;&lt;!-- \/.sc_button --&gt;&lt;\/div&gt;\" data-arrowposition=\"\"><span style=\"background:#ffffff;\"><\/span><\/a><\/div><div class=\"hotspot-item  \" style=\"top:300%;left:55%;\" data-top=\"300%\" data-left=\"55%\"><a href=\"#\" class=\"cq-tooltip\" style=\"background:rgba(255,255,255,0.8);\" data-tooltip=\"&lt;h5&gt;Wie sind die \u00dcbersetzungszeiten?&lt;\/h5&gt;\r\n&lt;div class=&quot;sc_layouts_item&quot;&gt;&lt;a href=&quot;https:\/\/swisstranslations.com\/de\/faq-de\/&quot; id=&quot;sc_button_478541768&quot; class=&quot;sc_button sc_button_default sc_button_size_normal sc_button_icon_center&quot;&gt;&lt;span class=&quot;sc_button_text&quot;&gt;&lt;span class=&quot;sc_button_title&quot;&gt;Antworten&lt;\/span&gt;&lt;\/span&gt;&lt;!-- \/.sc_button_text --&gt;&lt;\/a&gt;&lt;!-- \/.sc_button --&gt;&lt;\/div&gt;\" data-arrowposition=\"top\"><span style=\"background:#ffffff;\"><\/span><\/a><\/div><\/div><\/div>[\/vc_column][vc_column icons_position=\"left\"]<div style=\"width:;\" class=\"cqtooltip-wrapper \" data-opacity=\"1\" data-tooltipanimation=\"grow\" data-tooltipstyle=\"shadow\" data-trigger=\"\" data-maxwidth=\"323\" data-marginoffset=\"\" data-isdisplayall=\"specify\" data-displayednum=\"3\"><img decoding=\"async\" src=\"\" alt=\"\" \/><div class=\"cq-hotspots\"><div class=\"hotspot-item  \" style=\"top:-200%;left:25%;\" data-top=\"-200%\" data-left=\"25%\"><a href=\"#\" class=\"cq-tooltip\" style=\"background:rgba(255,255,255,0.8);\" data-tooltip=\"&lt;h5&gt;Nach welchen Kriterien w\u00e4hlen Sie Mitarbeiter aus?&lt;\/h5&gt;\r\n&lt;div class=&quot;sc_layouts_item&quot;&gt;&lt;a href=&quot;https:\/\/swisstranslations.com\/de\/faq-de\/&quot; id=&quot;sc_button_2002687484&quot; class=&quot;sc_button sc_button_default sc_button_size_normal sc_button_icon_center&quot;&gt;&lt;span class=&quot;sc_button_text&quot;&gt;&lt;span class=&quot;sc_button_title&quot;&gt;Antworten&lt;\/span&gt;&lt;\/span&gt;&lt;!-- \/.sc_button_text --&gt;&lt;\/a&gt;&lt;!-- \/.sc_button --&gt;&lt;\/div&gt;\" data-arrowposition=\"\"><span style=\"background:#ffffff;\"><\/span><\/a><\/div><div class=\"hotspot-item  \" style=\"top:-600%;left:50%;\" data-top=\"-600%\" data-left=\"50%\"><a href=\"#\" class=\"cq-tooltip\" style=\"background:rgba(255,255,255,0.8);\" data-tooltip=\"&lt;h5&gt;Ist es m\u00f6glich, in mehrere Sprachen zu \u00fcbersetzen?&lt;\/h5&gt;\r\n&lt;div class=&quot;sc_layouts_item&quot;&gt;&lt;a href=&quot;https:\/\/swisstranslations.com\/de\/faq-de\/&quot; id=&quot;sc_button_1192048256&quot; class=&quot;sc_button sc_button_default sc_button_size_normal sc_button_icon_center&quot;&gt;&lt;span class=&quot;sc_button_text&quot;&gt;&lt;span class=&quot;sc_button_title&quot;&gt;Antworten&lt;\/span&gt;&lt;\/span&gt;&lt;!-- \/.sc_button_text --&gt;&lt;\/a&gt;&lt;!-- \/.sc_button --&gt;&lt;\/div&gt;\" data-arrowposition=\"top\"><span style=\"background:#ffffff;\"><\/span><\/a><\/div><div class=\"hotspot-item  \" style=\"top:-400%;left:75%;\" data-top=\"-400%\" data-left=\"75%\"><a href=\"#\" class=\"cq-tooltip\" style=\"background:rgba(255,255,255,0.8);\" data-tooltip=\"&lt;h5&gt;Welche Massnahmen setzen Sie f\u00fcr die Vertraulichkeit?&lt;\/h5&gt;\r\n&lt;div class=&quot;sc_layouts_item&quot;&gt;&lt;a href=&quot;https:\/\/swisstranslations.com\/de\/faq-de\/\/&quot; id=&quot;sc_button_415265824&quot; class=&quot;sc_button sc_button_default sc_button_size_normal sc_button_icon_center&quot;&gt;&lt;span class=&quot;sc_button_text&quot;&gt;&lt;span class=&quot;sc_button_title&quot;&gt;Antworten&lt;\/span&gt;&lt;\/span&gt;&lt;!-- \/.sc_button_text --&gt;&lt;\/a&gt;&lt;!-- \/.sc_button --&gt;&lt;\/div&gt;\" data-arrowposition=\"top\"><span style=\"background:#ffffff;\"><\/span><\/a><\/div><\/div><\/div>[\/vc_column][\/vc_row]<\/div>[\/vc_column][\/vc_row][vc_row][vc_column][vc_empty_space alter_height=&#8221;large&#8221; hide_on_mobile=&#8221;&#8221; css=&#8221;.vc_custom_1560182777466{margin-top: -1rem !important;}&#8221;][vc_column_text]<\/p>\n<h5>Vertraulichkeit der Informationen<\/h5>\n<p>Unsere Mitarbeiter sind an das Gesch\u00e4ftsgeheimnis gebunden und haben Vertraulichkeitserkl\u00e4rungen in Bezug auf Kundeninformationen unterzeichnet. Diskretion und Sicherheit der Informationen stehen in unserem Unternehmen an erster Stelle.<\/p>\n<p>S\u00e4mtliche ausgef\u00fchrten Arbeiten sind streng vertraulich: Unsere \u00dcbersetzer sind sich der vertraulichen Natur dieser T\u00e4tigkeit bewusst und halten sich bei ihrer Arbeit streng an die Verschwiegenheitspflicht.<\/p>\n<p>[\/vc_column_text][vc_empty_space alter_height=&#8221;large&#8221; hide_on_mobile=&#8221;&#8221; css=&#8221;.vc_custom_1560182777466{margin-top: -1rem !important;}&#8221;]<div class=\"sc_layouts sc_layouts_default sc_layouts_1184\">[vc_row][vc_column icons_position=\"left\"]<div class=\"sc_layouts_item\"><div id=\"sc_skills_1835827424\"\n\t\tclass=\"sc_skills sc_skills_counter\"\n\t\t\t\tdata-type=\"counter\"\n\t\t><div class=\"sc_skills_columns sc_item_columns trx_addons_columns_wrap columns_padding_bottom\"><div class=\"sc_skills_column trx_addons_column-1_3\"><div class=\"sc_skills_item_wrap\"><div class=\"sc_skills_item\"><div class=\"sc_skills_icon icon-comment-light\"><\/div><div class=\"sc_skills_total\" data-start=\"0\" data-stop=\"185\" data-step=\"3000\" data-max=\"300000\" data-speed=\"17\" data-duration=\"1\" data-ed=\"\">0<\/div><\/div><div class=\"sc_skills_item_title\">\u00fcbersetzte Sprachen<\/div><\/div><\/div><div class=\"sc_skills_column trx_addons_column-1_3\"><div class=\"sc_skills_item_wrap\"><div class=\"sc_skills_item\"><div class=\"sc_skills_icon icon-thumbs-up-light\"><\/div><div class=\"sc_skills_total\" data-start=\"0\" data-stop=\"700\" data-step=\"3000\" data-max=\"300000\" data-speed=\"32\" data-duration=\"7\" data-ed=\"\">0<\/div><\/div><div class=\"sc_skills_item_title\">Professioneller \u00dcbersetzer<\/div><\/div><\/div><div class=\"sc_skills_column trx_addons_column-1_3\"><div class=\"sc_skills_item_wrap\"><div class=\"sc_skills_item\"><div class=\"sc_skills_icon icon-note-light\"><\/div><div class=\"sc_skills_total\" data-start=\"0\" data-stop=\"375000\" data-step=\"3000\" data-max=\"300000\" data-speed=\"13\" data-duration=\"1625\" data-ed=\"\">0<\/div><\/div><div class=\"sc_skills_item_title\">Abgeschlossene \u00dcbersetzungen<\/div><\/div><\/div><\/div><\/div><\/div>[\/vc_column][\/vc_row]<\/div>[vc_empty_space alter_height=&#8221;huge&#8221; hide_on_mobile=&#8221;&#8221; css=&#8221;.vc_custom_1559894668404{margin-top: -1rem !important;}&#8221;][\/vc_column][\/vc_row]<\/p>\n<\/section>","protected":false},"excerpt":{"rendered":"<p>[vc_row full_width=&#8221;stretch_row&#8221; css=&#8221;.vc_custom_1570979710743{background-image: url(https:\/\/swisstranslations.com\/wp-content\/uploads\/2019\/10\/swisstranslations_about_home.jpg?id=1558) !important;background-position: center !important;background-repeat: no-repeat !important;background-size: cover !important;}&#8221;][vc_column][vc_empty_space alter_height=&#8221;large&#8221; hide_on_mobile=&#8221;&#8221; css=&#8221;.vc_custom_1559894009120{margin-top: -0.6rem !important;}&#8221;][\/vc_column][vc_column width=&#8221;1\/2&#8243;][vc_empty_space alter_height=&#8221;small&#8221; hide_on_mobile=&#8221;&#8221;][vc_column_text]Swiss Translations ist eine marktf\u00fchrende \u00dcbersetzungsagentur in der Schweiz und bietet professionelle \u00dcbersetzungsdienstleistungen an, die auf die jeweiligen Bed\u00fcrfnisse des Unternehmens zugeschnitten&hellip;<\/p>\n","protected":false},"author":3,"featured_media":0,"parent":0,"menu_order":0,"comment_status":"closed","ping_status":"closed","template":"","meta":{"_monsterinsights_skip_tracking":false,"_monsterinsights_sitenote_active":false,"_monsterinsights_sitenote_note":"","_monsterinsights_sitenote_category":0,"footnotes":""},"class_list":["post-1187","page","type-page","status-publish","hentry"],"_links":{"self":[{"href":"https:\/\/swisstranslations.com\/index.php?rest_route=\/wp\/v2\/pages\/1187","targetHints":{"allow":["GET"]}}],"collection":[{"href":"https:\/\/swisstranslations.com\/index.php?rest_route=\/wp\/v2\/pages"}],"about":[{"href":"https:\/\/swisstranslations.com\/index.php?rest_route=\/wp\/v2\/types\/page"}],"author":[{"embeddable":true,"href":"https:\/\/swisstranslations.com\/index.php?rest_route=\/wp\/v2\/users\/3"}],"replies":[{"embeddable":true,"href":"https:\/\/swisstranslations.com\/index.php?rest_route=%2Fwp%2Fv2%2Fcomments&post=1187"}],"version-history":[{"count":12,"href":"https:\/\/swisstranslations.com\/index.php?rest_route=\/wp\/v2\/pages\/1187\/revisions"}],"predecessor-version":[{"id":2363,"href":"https:\/\/swisstranslations.com\/index.php?rest_route=\/wp\/v2\/pages\/1187\/revisions\/2363"}],"wp:attachment":[{"href":"https:\/\/swisstranslations.com\/index.php?rest_route=%2Fwp%2Fv2%2Fmedia&parent=1187"}],"curies":[{"name":"wp","href":"https:\/\/api.w.org\/{rel}","templated":true}]}}