{"id":1189,"date":"2019-09-08T17:04:21","date_gmt":"2019-09-08T17:04:21","guid":{"rendered":"https:\/\/swisstranslations.com\/?page_id=1189"},"modified":"2024-11-27T22:38:17","modified_gmt":"2024-11-27T22:38:17","slug":"qui-sommes-nous%e2%80%89","status":"publish","type":"page","link":"https:\/\/swisstranslations.com\/?page_id=1189&lang=fr","title":{"rendered":"Qui sommes-nous\u2009"},"content":{"rendered":"<section class=\"wpb-content-wrapper\"><p>[vc_row full_width=&#8221;stretch_row&#8221; css=&#8221;.vc_custom_1570979747561{background-image: url(https:\/\/swisstranslations.com\/wp-content\/uploads\/2019\/10\/swisstranslations_about_home.jpg?id=1558) !important;background-position: center !important;background-repeat: no-repeat !important;background-size: cover !important;}&#8221;][vc_column][vc_empty_space alter_height=&#8221;large&#8221; hide_on_mobile=&#8221;&#8221; css=&#8221;.vc_custom_1559894009120{margin-top: -0.6rem !important;}&#8221;][\/vc_column][vc_column width=&#8221;1\/2&#8243;]<div id=\"sc_title_183616766\"\n\t\tclass=\"sc_title sc_title_default  vc_custom_1559831693879\"><h1 class=\"sc_item_title sc_title_title sc_align_left sc_item_title_style_default sc_item_title_tag\">Swiss Translations<\/h1><\/div><!-- \/.sc_title -->[vc_empty_space alter_height=&#8221;small&#8221; hide_on_mobile=&#8221;&#8221;][vc_column_text]Swiss Translations est l\u2019agence de traduction leader en Suisse. Elle offre des services de traduction professionnels sur mesure \u00e0 m\u00eame de satisfaire les besoins de n\u2019importe quelle entreprise. Gr\u00e2ce \u00e0 un r\u00e9seau de traducteurs de langue maternelle hautement qualifi\u00e9s et \u00e0 une vaste exp\u00e9rience dans le secteur, nous nous effor\u00e7ons \u00e0 fournir des traductions de haute qualit\u00e9 dans toutes les langues officielles de la Suisse et dans de nombreuses autres.[\/vc_column_text][vc_empty_space alter_height=&#8221;large&#8221; hide_on_mobile=&#8221;&#8221; css=&#8221;.vc_custom_1559831748520{margin-bottom: -1.1rem !important;}&#8221;][\/vc_column][vc_column width=&#8221;1\/2&#8243; css=&#8221;.vc_custom_1493987931534{padding-left: 3.7rem !important;}&#8221;][\/vc_column][\/vc_row][vc_row][vc_column][vc_empty_space alter_height=&#8221;large&#8221; hide_on_mobile=&#8221;&#8221; css=&#8221;.vc_custom_1559894016571{margin-top: -1rem !important;}&#8221;]<div id=\"sc_title_39415701\"\n\t\tclass=\"scheme_default sc_title sc_title_default\"><h3 class=\"sc_item_title sc_title_title sc_align_left sc_item_title_style_default sc_item_title_tag\">Pourquoi choisir Swiss Translations pour vos traductions suisses ?<\/h3><\/div><!-- \/.sc_title -->[vc_empty_space alter_height=&#8221;medium&#8221; hide_on_mobile=&#8221;&#8221; css=&#8221;.vc_custom_1560184733014{margin-top: 0.5rem !important;}&#8221;][vc_column_text]1) Notre expertise et notre connaissance approfondie du march\u00e9 suisse : des ann\u00e9es d\u2019exp\u00e9rience dans le domaine nous permettent de conna\u00eetre les particularit\u00e9s linguistiques et les r\u00e9glementations du pays, ce qui garantit des traductions pr\u00e9cises et conformes aux r\u00e8gles en vigueurs.<\/p>\n<p>2) Certifications de qualit\u00e9 ISO 17100 et ISO 9001 : nos traductions sont certifi\u00e9es pour garantir des processus de haute qualit\u00e9, dans le respect des d\u00e9lais convenus et des r\u00e8gles de confidentialit\u00e9.<\/p>\n<p>3) Une \u00e9quipe de traducteurs sp\u00e9cialis\u00e9s qui travaillent dans leur langue maternelle : nous collaborons avec des professionnels qualifi\u00e9s qui \u00e9voluent dans diff\u00e9rents domaines, ce qui garantit des traductions sp\u00e9cialis\u00e9es et parfaitement adapt\u00e9es aux besoins sp\u00e9cifiques de chaque client.<\/p>\n<p>4) Gestion personnalis\u00e9e des projets : chaque projet de traduction est supervis\u00e9 par un chef de projet d\u00e9di\u00e9 qui s\u2019engage \u00e0 comprendre les besoins du client et \u00e0 assurer un r\u00e9sultat final de qualit\u00e9 \u00e9lev\u00e9e dans le respect des d\u00e9lais et du budget convenus.<\/p>\n<p>5) Vaste gamme de services de traduction : gr\u00e2ce \u00e0 des ressources sp\u00e9cialis\u00e9es et \u00e0 une \u00e9quipe de traducteurs de langue maternelle dans plus de 100 langues cibles, nous sommes \u00e0 m\u00eame de r\u00e9pondre aux besoins de tout secteur professionnel, en offrant des solutions compl\u00e8tes et de qualit\u00e9 sup\u00e9rieure pour chaque projet.[\/vc_column_text][vc_empty_space alter_height=&#8221;medium&#8221; hide_on_mobile=&#8221;&#8221; css=&#8221;.vc_custom_1560184733014{margin-top: 0.5rem !important;}&#8221;]<div id=\"sc_title_953477538\"\n\t\tclass=\"scheme_default sc_title sc_title_default\"><h3 class=\"sc_item_title sc_title_title sc_align_left sc_item_title_style_default sc_item_title_tag\">Un partenaire d\u2019excellence pour vos traductions<\/h3><\/div><!-- \/.sc_title -->[vc_empty_space alter_height=&#8221;medium&#8221; hide_on_mobile=&#8221;&#8221; css=&#8221;.vc_custom_1560184733014{margin-top: 0.5rem !important;}&#8221;][vc_column_text]Vous \u00eates \u00e0 la recherche d\u2019un partenaire fiable pour vos traductions en Suisse\u00a0? Faites appel \u00e0 Swiss Translations.<br \/>\nContactez-nous d\u00e8s aujourd\u2019hui pour demander un devis personnalis\u00e9 et d\u00e9couvrir comment nous pouvons vous aider \u00e0 communiquer de mani\u00e8re efficace et professionnelle dans toutes les langues de votre choix. Nous sommes l\u00e0 pour soutenir votre entreprise et assurer la r\u00e9ussite de vos projets de traduction.[\/vc_column_text][vc_empty_space alter_height=&#8221;medium&#8221; hide_on_mobile=&#8221;&#8221; css=&#8221;.vc_custom_1560184733014{margin-top: 0.5rem !important;}&#8221;]<div id=\"sc_icons_28987257\" \n\tclass=\"sc_icons sc_icons_default sc_icons_size_small sc_align_center\"><div class=\"sc_icons_columns sc_item_columns trx_addons_columns_wrap columns_padding_bottom\"><div class=\"trx_addons_column-1_3\"><div class=\"sc_icons_item\"><div id=\"sc_icons_28987257_icon-database-light\" class=\"sc_icons_icon sc_icon_type_ icon-database-light\"\n\t\t\t\t\t\t\t\t\t\t\t\t><span class=\"sc_icon_type_ icon-database-light\"><\/span><\/div><h4 class=\"sc_icons_item_title\"><span>Traductions multisectorielles<\/span><\/h4><div class=\"sc_icons_item_description\"><span>Fourniture de traductions multisectorielles gr\u00e2ce \u00e0 notre r\u00e9seau de professionnels soigneusement s\u00e9lectionn\u00e9s et sp\u00e9cialis\u00e9s.<\/span><\/div><\/div><\/div><div class=\"trx_addons_column-1_3\"><div class=\"sc_icons_item\"><div id=\"sc_icons_28987257_icon-globe-light\" class=\"sc_icons_icon sc_icon_type_ icon-globe-light\"\n\t\t\t\t\t\t\t\t\t\t\t\t><span class=\"sc_icon_type_ icon-globe-light\"><\/span><\/div><h4 class=\"sc_icons_item_title\"><span>Traducteurs de langue maternelle<\/span><\/h4><div class=\"sc_icons_item_description\"><span>Nous disposons d\u2019un r\u00e9seau de professionnels locuteurs natifs qui ont une grande exp\u00e9rience de traduction pour les principales langues du monde.<\/span><\/div><\/div><\/div><div class=\"trx_addons_column-1_3\"><div class=\"sc_icons_item\"><div id=\"sc_icons_28987257_icon-lock-light\" class=\"sc_icons_icon sc_icon_type_ icon-lock-light\"\n\t\t\t\t\t\t\t\t\t\t\t\t><span class=\"sc_icon_type_ icon-lock-light\"><\/span><\/div><h4 class=\"sc_icons_item_title\"><span>Confidentialit\u00e9<\/span><\/h4><div class=\"sc_icons_item_description\"><span>Nos traducteurs sont tr\u00e8s attentifs \u00e0 la nature particuli\u00e8re de ce secteur et travaillent en respectant pleinement la confidentialit\u00e9 des informations.<\/span><\/div><\/div><\/div><\/div><\/div><!-- \/.sc_icons -->[vc_empty_space alter_height=&#8221;medium&#8221; hide_on_mobile=&#8221;&#8221; css=&#8221;.vc_custom_1560184679131{margin-top: 0.4rem !important;}&#8221;][\/vc_column][\/vc_row][vc_row][vc_column][vc_column_text]Voici quelques-uns des services que nous proposons\u2009:[\/vc_column_text][vc_empty_space alter_height=&#8221;medium&#8221; hide_on_mobile=&#8221;&#8221; css=&#8221;.vc_custom_1559894681418{margin-top: -1rem !important;}&#8221;][\/vc_column][\/vc_row][vc_row][vc_column width=&#8221;1\/2&#8243;][vc_column_text]<\/p>\n<div class=\"fusion-one-half one_half fusion-layout-column fusion-column spacing-yes\">\n<div class=\"fusion-column-wrapper\">\n<ul>\n<li>Traductions commerciales<\/li>\n<li>Traductions financi\u00e8res<\/li>\n<li>Traductions techniques<\/li>\n<li>Traductions juridiques<\/li>\n<li>Traductions asserment\u00e9es<\/li>\n<li>Traductions m\u00e9dicales<\/li>\n<li>Traductions publicitaires<\/li>\n<li>Traductions de marketing<\/li>\n<li>Traductions pour le secteur de la mode<\/li>\n<li>Traductions pour le secteur du luxe<\/li>\n<li>Traductions pour le secteur du divertissement<\/li>\n<\/ul>\n<\/div>\n<\/div>\n<div class=\"avada-row\">\n<div class=\"fusion-one-half one_half fusion-layout-column fusion-column last spacing-yes\">\n<div class=\"fusion-column-wrapper\"><\/div>\n<\/div>\n<\/div>\n<p>[\/vc_column_text][vc_empty_space alter_height=&#8221;large&#8221; hide_on_mobile=&#8221;&#8221; css=&#8221;.vc_custom_1560182777466{margin-top: -1rem !important;}&#8221;][\/vc_column][vc_column width=&#8221;1\/2&#8243;][vc_column_text]<\/p>\n<div class=\"fusion-fullwidth fullwidth-box\">\n<div class=\"avada-row\">\n<div class=\"fusion-one-half one_half fusion-layout-column fusion-column last spacing-yes\">\n<div class=\"fusion-column-wrapper\">\n<div class=\"fusion-one-half one_half fusion-layout-column fusion-column last spacing-yes\">\n<div class=\"fusion-column-wrapper\">\n<ul>\n<li>Traductions pour le secteur de la cosm\u00e9tique<\/li>\n<li>Traductions \u00e9ditoriales<\/li>\n<li>Traductions litt\u00e9raires<\/li>\n<li>Traductions dans le secteur de l\u2019\u0153nologie et de la gastronomie<\/li>\n<li>Traductions pour le secteur des vins<\/li>\n<li>Traductions pour le secteur touristique<\/li>\n<li>Traductions de sites web<\/li>\n<li>Traductions scientifiques<\/li>\n<li>Traductions de manuels<\/li>\n<li>Traductions en informatique<\/li>\n<\/ul>\n<p>\u2026et bien d\u2019autres.<\/p>\n<\/div>\n<\/div>\n<\/div>\n<\/div>\n<\/div>\n<\/div>\n<p>[\/vc_column_text][vc_empty_space alter_height=&#8221;large&#8221; hide_on_mobile=&#8221;&#8221; css=&#8221;.vc_custom_1560182782847{margin-top: -1rem !important;}&#8221;][\/vc_column][\/vc_row][vc_row][vc_column]<div class=\"sc_layouts sc_layouts_default sc_layouts_1150\"><br \/>\n<b>Warning<\/b>:  Trying to access array offset on value of type bool in <b>\/home\/clients\/140cbea6ec92aaa9032476e604dd0588\/sites\/swisstranslations.com\/wp-content\/plugins\/vc-extensions-bundle\/hotspot\/vc-extensions-hotspot.php<\/b> on line <b>329<\/b><br \/>\n<br \/>\n<b>Warning<\/b>:  Attempt to read property \"ID\" on null in <b>\/home\/clients\/140cbea6ec92aaa9032476e604dd0588\/sites\/swisstranslations.com\/wp-content\/plugins\/vc-extensions-bundle\/hotspot\/vc-extensions-hotspot.php<\/b> on line <b>340<\/b><br \/>\n<br \/>\n<b>Warning<\/b>:  Trying to access array offset on value of type bool in <b>\/home\/clients\/140cbea6ec92aaa9032476e604dd0588\/sites\/swisstranslations.com\/wp-content\/plugins\/vc-extensions-bundle\/hotspot\/vc-extensions-hotspot.php<\/b> on line <b>329<\/b><br \/>\n<br \/>\n<b>Warning<\/b>:  Attempt to read property \"ID\" on null in <b>\/home\/clients\/140cbea6ec92aaa9032476e604dd0588\/sites\/swisstranslations.com\/wp-content\/plugins\/vc-extensions-bundle\/hotspot\/vc-extensions-hotspot.php<\/b> on line <b>340<\/b><br \/>\n[vc_row full_width=\"stretch_row\" row_delimiter=\"\" row_fixed=\"\" hide_on_tablet=\"\" hide_on_mobile=\"1\" hide_on_frontpage=\"\" css=\".vc_custom_1570979808102{background-image: url(https:\/\/swisstranslations.com\/wp-content\/uploads\/2019\/10\/swisstranslations_faq_home.jpg?id=1557) !important;background-position: center !important;background-repeat: no-repeat !important;background-size: cover !important;}\"][vc_column width=\"1\/3\" scheme=\"dark\" icons_position=\"left\"][vc_empty_space alter_height=\"huge\" hide_on_mobile=\"\" css=\".vc_custom_1592498183301{margin-top: -1rem !important;}\"]<div class=\"sc_layouts_item\"><div id=\"sc_title_579954411\"\n\t\tclass=\"sc_title sc_title_default\"><h1 class=\"sc_item_title sc_title_title sc_align_left sc_item_title_style_default sc_item_title_tag\">Avez-vous une question ?<\/h1><div class=\"sc_item_descr sc_title_descr sc_align_left\"><p>Consultez notre FAQ, vous y trouverez les r\u00e9ponses aux questions les plus courantes sur les traductions.<\/p>\n<\/div><div class=\"sc_layouts_item\"><div class=\"sc_item_button sc_item_button_default sc_title_button sc_align_left sc_button_wrap sc_align_left\"><a href=\"https:\/\/swisstranslations.com\/fr\/faq-fr\/\" id=\"sc_button_319887656\" class=\"sc_button sc_button_default sc_button_size_normal sc_button_icon_left\"><span class=\"sc_button_text\"><span class=\"sc_button_title\">Lire la suite<\/span><\/span><!-- \/.sc_button_text --><\/a><!-- \/.sc_button --><\/div><!-- \/.sc_item_button sc_item_button_default sc_title_button sc_align_left --><\/div><\/div><!-- \/.sc_title --><\/div>[vc_empty_space alter_height=\"huge\" hide_on_mobile=\"\"][\/vc_column][vc_column width=\"2\/3\" icons_position=\"left\"]<div style=\"width:;\" class=\"cqtooltip-wrapper \" data-opacity=\"1\" data-tooltipanimation=\"grow\" data-tooltipstyle=\"shadow\" data-trigger=\"\" data-maxwidth=\"323\" data-marginoffset=\"\" data-isdisplayall=\"off\" data-displayednum=\"1\"><img decoding=\"async\" src=\"\" alt=\"\" \/><div class=\"cq-hotspots\"><div class=\"hotspot-item  \" style=\"top:500%;left:20%;\" data-top=\"500%\" data-left=\"20%\"><a href=\"#\" class=\"cq-tooltip\" style=\"background:rgba(255,255,255,0.8);\" data-tooltip=\"&lt;h5&gt;Comment calculez-vous le co\u00fbt d&#039;une traduction ?&lt;\/h5&gt;\r\n&lt;div class=&quot;sc_layouts_item&quot;&gt;&lt;a href=&quot;https:\/\/swisstranslations.com\/fr\/faq-fr\/&quot; id=&quot;sc_button_1077438007&quot; class=&quot;sc_button sc_button_default sc_button_size_normal sc_button_icon_center&quot;&gt;&lt;span class=&quot;sc_button_text&quot;&gt;&lt;span class=&quot;sc_button_title&quot;&gt;R\u00e9ponse&lt;\/span&gt;&lt;\/span&gt;&lt;!-- \/.sc_button_text --&gt;&lt;\/a&gt;&lt;!-- \/.sc_button --&gt;&lt;\/div&gt;\" data-arrowposition=\"\"><span style=\"background:#ffffff;\"><\/span><\/a><\/div><div class=\"hotspot-item  \" style=\"top:300%;left:55%;\" data-top=\"300%\" data-left=\"55%\"><a href=\"#\" class=\"cq-tooltip\" style=\"background:rgba(255,255,255,0.8);\" data-tooltip=\"&lt;h5&gt;Quels sont les d\u00e9lais de traduction ?&lt;\/h5&gt;\r\n&lt;div class=&quot;sc_layouts_item&quot;&gt;&lt;a href=&quot;https:\/\/swisstranslations.com\/fr\/faq-fr\/&quot; id=&quot;sc_button_277862072&quot; class=&quot;sc_button sc_button_default sc_button_size_normal sc_button_icon_center&quot;&gt;&lt;span class=&quot;sc_button_text&quot;&gt;&lt;span class=&quot;sc_button_title&quot;&gt;R\u00e9ponse&lt;\/span&gt;&lt;\/span&gt;&lt;!-- \/.sc_button_text --&gt;&lt;\/a&gt;&lt;!-- \/.sc_button --&gt;&lt;\/div&gt;\" data-arrowposition=\"top\"><span style=\"background:#ffffff;\"><\/span><\/a><\/div><\/div><\/div>[\/vc_column][vc_column icons_position=\"left\"]<div style=\"width:;\" class=\"cqtooltip-wrapper \" data-opacity=\"1\" data-tooltipanimation=\"grow\" data-tooltipstyle=\"shadow\" data-trigger=\"\" data-maxwidth=\"323\" data-marginoffset=\"\" data-isdisplayall=\"specify\" data-displayednum=\"3\"><img decoding=\"async\" src=\"\" alt=\"\" \/><div class=\"cq-hotspots\"><div class=\"hotspot-item  \" style=\"top:-200%;left:25%;\" data-top=\"-200%\" data-left=\"25%\"><a href=\"#\" class=\"cq-tooltip\" style=\"background:rgba(255,255,255,0.8);\" data-tooltip=\"&lt;h5&gt;Quels crit\u00e8res utilisez-vous pour choisir des collaborateurs ?&lt;\/h5&gt;\r\n&lt;div class=&quot;sc_layouts_item&quot;&gt;&lt;a href=&quot;https:\/\/swisstranslations.com\/fr\/faq-fr\/&quot; id=&quot;sc_button_1260699676&quot; class=&quot;sc_button sc_button_default sc_button_size_normal sc_button_icon_center&quot;&gt;&lt;span class=&quot;sc_button_text&quot;&gt;&lt;span class=&quot;sc_button_title&quot;&gt;R\u00e9ponse&lt;\/span&gt;&lt;\/span&gt;&lt;!-- \/.sc_button_text --&gt;&lt;\/a&gt;&lt;!-- \/.sc_button --&gt;&lt;\/div&gt;\" data-arrowposition=\"\"><span style=\"background:#ffffff;\"><\/span><\/a><\/div><div class=\"hotspot-item  \" style=\"top:-600%;left:50%;\" data-top=\"-600%\" data-left=\"50%\"><a href=\"#\" class=\"cq-tooltip\" style=\"background:rgba(255,255,255,0.8);\" data-tooltip=\"&lt;h5&gt;Est-il possible de traduire en plusieurs langues ?&lt;\/h5&gt;\r\n&lt;div class=&quot;sc_layouts_item&quot;&gt;&lt;a href=&quot;https:\/\/swisstranslations.com\/fr\/faq-fr\/&quot; id=&quot;sc_button_1533883695&quot; class=&quot;sc_button sc_button_default sc_button_size_normal sc_button_icon_center&quot;&gt;&lt;span class=&quot;sc_button_text&quot;&gt;&lt;span class=&quot;sc_button_title&quot;&gt;R\u00e9ponse&lt;\/span&gt;&lt;\/span&gt;&lt;!-- \/.sc_button_text --&gt;&lt;\/a&gt;&lt;!-- \/.sc_button --&gt;&lt;\/div&gt;\" data-arrowposition=\"top\"><span style=\"background:#ffffff;\"><\/span><\/a><\/div><div class=\"hotspot-item  \" style=\"top:-400%;left:75%;\" data-top=\"-400%\" data-left=\"75%\"><a href=\"#\" class=\"cq-tooltip\" style=\"background:rgba(255,255,255,0.8);\" data-tooltip=\"&lt;h5&gt;Quelles mesures d\u00e9finissez-vous pour la confidentialit\u00e9 ?&lt;\/h5&gt;\r\n&lt;div class=&quot;sc_layouts_item&quot;&gt;&lt;a href=&quot;https:\/\/swisstranslations.com\/fr\/faq-fr\/&quot; id=&quot;sc_button_1534252178&quot; class=&quot;sc_button sc_button_default sc_button_size_normal sc_button_icon_center&quot;&gt;&lt;span class=&quot;sc_button_text&quot;&gt;&lt;span class=&quot;sc_button_title&quot;&gt;R\u00e9ponse&lt;\/span&gt;&lt;\/span&gt;&lt;!-- \/.sc_button_text --&gt;&lt;\/a&gt;&lt;!-- \/.sc_button --&gt;&lt;\/div&gt;\" data-arrowposition=\"top\"><span style=\"background:#ffffff;\"><\/span><\/a><\/div><\/div><\/div>[\/vc_column][\/vc_row]<\/div>[\/vc_column][\/vc_row][vc_row][vc_column][vc_empty_space alter_height=&#8221;large&#8221; hide_on_mobile=&#8221;&#8221; css=&#8221;.vc_custom_1560182777466{margin-top: -1rem !important;}&#8221;][vc_column_text]<\/p>\n<h5>Confidentialit\u00e9 des informations<\/h5>\n<p>Tous nos collaborateurs sont tenus au secret professionnel et ont sign\u00e9 des accords de non-divulgation commerciale, car la confidentialit\u00e9 et la s\u00e9curit\u00e9 des informations sont primordiales pour notre soci\u00e9t\u00e9.<\/p>\n<p>Tous nos travaux demeurent confidentiels\u2009: nos traducteurs sont tr\u00e8s attentifs \u00e0 la nature particuli\u00e8re de ce secteur et travaillent en respectant pleinement la confidentialit\u00e9 des informations.<\/p>\n<p>[\/vc_column_text][vc_empty_space alter_height=&#8221;large&#8221; hide_on_mobile=&#8221;&#8221; css=&#8221;.vc_custom_1560182777466{margin-top: -1rem !important;}&#8221;]<div class=\"sc_layouts sc_layouts_default sc_layouts_1185\">[vc_row][vc_column icons_position=\"left\"]<div class=\"sc_layouts_item\"><div id=\"sc_skills_1539026657\"\n\t\tclass=\"sc_skills sc_skills_counter\"\n\t\t\t\tdata-type=\"counter\"\n\t\t><div class=\"sc_skills_columns sc_item_columns trx_addons_columns_wrap columns_padding_bottom\"><div class=\"sc_skills_column trx_addons_column-1_3\"><div class=\"sc_skills_item_wrap\"><div class=\"sc_skills_item\"><div class=\"sc_skills_icon icon-comment-light\"><\/div><div class=\"sc_skills_total\" data-start=\"0\" data-stop=\"185\" data-step=\"3000\" data-max=\"300000\" data-speed=\"39\" data-duration=\"2\" data-ed=\"\">0<\/div><\/div><div class=\"sc_skills_item_title\">Langues traduites<\/div><\/div><\/div><div class=\"sc_skills_column trx_addons_column-1_3\"><div class=\"sc_skills_item_wrap\"><div class=\"sc_skills_item\"><div class=\"sc_skills_icon icon-thumbs-up-light\"><\/div><div class=\"sc_skills_total\" data-start=\"0\" data-stop=\"700\" data-step=\"3000\" data-max=\"300000\" data-speed=\"35\" data-duration=\"8\" data-ed=\"\">0<\/div><\/div><div class=\"sc_skills_item_title\">Traducteurs professionnels<\/div><\/div><\/div><div class=\"sc_skills_column trx_addons_column-1_3\"><div class=\"sc_skills_item_wrap\"><div class=\"sc_skills_item\"><div class=\"sc_skills_icon icon-note-light\"><\/div><div class=\"sc_skills_total\" data-start=\"0\" data-stop=\"375000\" data-step=\"3000\" data-max=\"300000\" data-speed=\"23\" data-duration=\"2875\" data-ed=\"\">0<\/div><\/div><div class=\"sc_skills_item_title\">Traductions termin\u00e9es<\/div><\/div><\/div><\/div><\/div><\/div>[\/vc_column][\/vc_row]<\/div>[vc_empty_space alter_height=&#8221;huge&#8221; hide_on_mobile=&#8221;&#8221; css=&#8221;.vc_custom_1559894668404{margin-top: -1rem !important;}&#8221;][\/vc_column][\/vc_row]<\/p>\n<\/section>","protected":false},"excerpt":{"rendered":"<p>[vc_row full_width=&#8221;stretch_row&#8221; css=&#8221;.vc_custom_1570979747561{background-image: url(https:\/\/swisstranslations.com\/wp-content\/uploads\/2019\/10\/swisstranslations_about_home.jpg?id=1558) !important;background-position: center !important;background-repeat: no-repeat !important;background-size: cover !important;}&#8221;][vc_column][vc_empty_space alter_height=&#8221;large&#8221; hide_on_mobile=&#8221;&#8221; css=&#8221;.vc_custom_1559894009120{margin-top: -0.6rem !important;}&#8221;][\/vc_column][vc_column width=&#8221;1\/2&#8243;][vc_empty_space alter_height=&#8221;small&#8221; hide_on_mobile=&#8221;&#8221;][vc_column_text]Swiss Translations est l\u2019agence de traduction leader en Suisse. Elle offre des services de traduction professionnels sur mesure \u00e0 m\u00eame de satisfaire&hellip;<\/p>\n","protected":false},"author":3,"featured_media":0,"parent":0,"menu_order":0,"comment_status":"closed","ping_status":"closed","template":"","meta":{"_monsterinsights_skip_tracking":false,"_monsterinsights_sitenote_active":false,"_monsterinsights_sitenote_note":"","_monsterinsights_sitenote_category":0,"footnotes":""},"class_list":["post-1189","page","type-page","status-publish","hentry"],"_links":{"self":[{"href":"https:\/\/swisstranslations.com\/index.php?rest_route=\/wp\/v2\/pages\/1189","targetHints":{"allow":["GET"]}}],"collection":[{"href":"https:\/\/swisstranslations.com\/index.php?rest_route=\/wp\/v2\/pages"}],"about":[{"href":"https:\/\/swisstranslations.com\/index.php?rest_route=\/wp\/v2\/types\/page"}],"author":[{"embeddable":true,"href":"https:\/\/swisstranslations.com\/index.php?rest_route=\/wp\/v2\/users\/3"}],"replies":[{"embeddable":true,"href":"https:\/\/swisstranslations.com\/index.php?rest_route=%2Fwp%2Fv2%2Fcomments&post=1189"}],"version-history":[{"count":9,"href":"https:\/\/swisstranslations.com\/index.php?rest_route=\/wp\/v2\/pages\/1189\/revisions"}],"predecessor-version":[{"id":2362,"href":"https:\/\/swisstranslations.com\/index.php?rest_route=\/wp\/v2\/pages\/1189\/revisions\/2362"}],"wp:attachment":[{"href":"https:\/\/swisstranslations.com\/index.php?rest_route=%2Fwp%2Fv2%2Fmedia&parent=1189"}],"curies":[{"name":"wp","href":"https:\/\/api.w.org\/{rel}","templated":true}]}}