{"id":1211,"date":"2019-09-10T19:31:52","date_gmt":"2019-09-10T19:31:52","guid":{"rendered":"https:\/\/swisstranslations.com\/?page_id=1211"},"modified":"2020-06-22T14:05:51","modified_gmt":"2020-06-22T14:05:51","slug":"sprachen","status":"publish","type":"page","link":"https:\/\/swisstranslations.com\/?page_id=1211&lang=de","title":{"rendered":"SPRACHEN"},"content":{"rendered":"<section class=\"wpb-content-wrapper\"><p>[vc_row full_width=&#8221;stretch_row&#8221; content_placement=&#8221;middle&#8221; css=&#8221;.vc_custom_1570980636054{background-image: url(https:\/\/swisstranslations.com\/wp-content\/uploads\/2019\/10\/swisstranslations_lingue.jpg?id=1562) !important;background-position: center !important;background-repeat: no-repeat !important;background-size: cover !important;}&#8221;][vc_column][vc_empty_space alter_height=&#8221;huge&#8221; hide_on_mobile=&#8221;&#8221;][\/vc_column][vc_column width=&#8221;2\/3&#8243;][vc_empty_space alter_height=&#8221;huge&#8221; hide_on_mobile=&#8221;&#8221;][\/vc_column][vc_column width=&#8221;1\/3&#8243;][\/vc_column][\/vc_row][vc_row][vc_column][vc_empty_space alter_height=&#8221;medium&#8221; hide_on_mobile=&#8221;&#8221;]<div id=\"sc_title_173551545\"\n\t\tclass=\"sc_title sc_title_default\"><h1 class=\"sc_item_title sc_title_title sc_align_left sc_item_title_style_default sc_item_title_tag\">Sprachen<\/h1><div class=\"sc_item_descr sc_title_descr sc_align_left\"><p>SWISS TRANSLATIONS erf\u00fcllt alle Ihre Anforderungen dank seines breiten Sprachenangebots. Unz\u00e4hlige Sprachkombinationen sind erh\u00e4ltlich, von den gel\u00e4ufigsten bis hin zu besonders seltenen. Ihre s\u00e4mtlichen Dokumente k\u00f6nnen in die von Ihnen gew\u00fcnschten Sprachen \u00fcbersetzt werden. Aufgrund unserer fundierten Erfahrung mit \u00dcbersetzungsauftr\u00e4gen aller Art sind wir in der Lage, alle Ihre Anfragen zu bearbeiten.<\/p>\n<\/div><\/div><!-- \/.sc_title -->[vc_empty_space alter_height=&#8221;small&#8221; hide_on_mobile=&#8221;&#8221;]<div id=\"sc_title_1128715611\"\n\t\tclass=\"sc_title sc_title_default\"><h3 class=\"sc_item_title sc_title_title sc_align_left sc_item_title_style_default\">Sprachen der \u00dcbersetzung<\/h3><div class=\"sc_item_descr sc_title_descr sc_align_left\"><p>Unsere Arbeitssprachen:<\/p>\n<\/div><\/div><!-- \/.sc_title -->[vc_empty_space alter_height=&#8221;small&#8221; hide_on_mobile=&#8221;&#8221;][\/vc_column][\/vc_row][vc_row][vc_column width=&#8221;1\/3&#8243;][vc_column_text]<\/p>\n<div class=\"fusion-one-third one_third fusion-layout-column fusion-column spacing-yes\">\n<div class=\"fusion-column-wrapper\">\n<ul>\n<li>Albanisch<\/li>\n<li>Amerikanisches Englisch<\/li>\n<li>Arabisch<\/li>\n<li>Armenisch<\/li>\n<li>Baskisch<\/li>\n<li>Bosnisch<\/li>\n<li>Bulgarisch<\/li>\n<li>Chinesische Sprachen (Mandarin, Kantonesisch, Wu)<\/li>\n<li>D\u00e4nisch<\/li>\n<li>Deutsch<\/li>\n<li>Englisch<\/li>\n<li>Estnisch<\/li>\n<li>Fl\u00e4misch<\/li>\n<li>Finnisch<\/li>\n<li>Georgisch<\/li>\n<li>Griechisch<\/li>\n<li>Hebr\u00e4isch<\/li>\n<li>Hindi<\/li>\n<\/ul>\n<\/div>\n<\/div>\n<p>[\/vc_column_text][\/vc_column][vc_column width=&#8221;1\/3&#8243;][vc_column_text]<\/p>\n<div class=\"fusion-one-third one_third fusion-layout-column fusion-column spacing-yes\">\n<div class=\"fusion-column-wrapper\">\n<ul>\n<li>Indonesisch<\/li>\n<li>Isl\u00e4ndisch<\/li>\n<li>Italienisch<\/li>\n<li>Japanisch<\/li>\n<li>Kasachisch<\/li>\n<li>Katalanisch<\/li>\n<li>Koreanisch<\/li>\n<li>Kroatisch<\/li>\n<li>Lettisch<\/li>\n<li>Litauisch<\/li>\n<li>Maltesisch<\/li>\n<li>Mazedonisch<\/li>\n<li>Mongolisch<\/li>\n<li>Norwegisch<\/li>\n<li>Niederl\u00e4ndisch<\/li>\n<li>Persisch<\/li>\n<li>Polnisch<\/li>\n<li>Portugiesisch<\/li>\n<li>Brasilianisches Portugiesisch<\/li>\n<\/ul>\n<\/div>\n<\/div>\n<p>[\/vc_column_text][\/vc_column][vc_column width=&#8221;1\/3&#8243;][vc_column_text]<\/p>\n<div class=\"fusion-one-third one_third fusion-layout-column fusion-column last spacing-yes\">\n<div class=\"fusion-column-wrapper\">\n<ul>\n<li>Rum\u00e4nisch<\/li>\n<li>Russisch<\/li>\n<li>Schwedisch<\/li>\n<li>Serbisch<\/li>\n<li>Somalisch<\/li>\n<li>Slowakisch<\/li>\n<li>Slowenisch<\/li>\n<li>Spanisch<\/li>\n<li>Thail\u00e4ndisch<\/li>\n<li>Taiwanisch<\/li>\n<li>Tamil<\/li>\n<li>Tschechisch<\/li>\n<li>T\u00fcrkisch<\/li>\n<li>Ukrainisch<\/li>\n<li>Ungarisch<\/li>\n<li>Usbekisch<\/li>\n<li>Vietnamesisch<\/li>\n<li>Weissrussisch<\/li>\n<\/ul>\n<\/div>\n<\/div>\n<p>[\/vc_column_text][\/vc_column][\/vc_row][vc_row][vc_column][vc_empty_space alter_height=&#8221;medium&#8221; hide_on_mobile=&#8221;&#8221;][vc_column_text]Kontaktieren Sie uns bitte f\u00fcr \u00dcbersetzungen in asiatischen oder europ\u00e4ischen Sprachen per E-Mail an<a href=\"mailto:info@swisstranslations.com\">\u00a0info@swisstranslations.com<\/a>. Senden Sie uns dabei bitte in Anlage die Datei, die Sie zu \u00fcbersetzen w\u00fcnschen. Sie erhalten innerhalb kurzer Zeit unser Angebot mit dem bestm\u00f6glichen Aush\u00e4ndigungstermin.[\/vc_column_text][vc_empty_space alter_height=&#8221;large&#8221; hide_on_mobile=&#8221;&#8221;][\/vc_column][\/vc_row][vc_row][vc_column]<div class=\"sc_layouts sc_layouts_default sc_layouts_2173\">[vc_row full_width=\"stretch_row\" css=\".vc_custom_1592503508267{background-color: #f0f4f7 !important;}\"][vc_column width=\"2\/3\" icons_position=\"left\"][vc_empty_space alter_height=\"large\" hide_on_mobile=\"\" css=\".vc_custom_1570780276049{margin-top: -1.2rem !important;}\"]<div class=\"sc_layouts_item\"><div id=\"sc_title_300141876\"\n\t\tclass=\"sc_title sc_title_default\"><h1 class=\"sc_item_title sc_title_title sc_align_left sc_item_title_style_default sc_item_title_tag\">Kostenvoranschlag anfordern!<\/h1><div class=\"sc_item_descr sc_title_descr sc_align_left\"><p>Um einen Kostenvoranschlag oder weitere Informationen anzufordern:<\/p>\n<\/div><\/div><!-- \/.sc_title --><\/div>[vc_empty_space alter_height=\"small\" hide_on_mobile=\"\" css=\".vc_custom_1592505932506{margin-top: -1rem !important;}\"]<div class=\"sc_layouts_item\"><div id=\"sc_icons_1165672185\" \n\tclass=\"sc_icons sc_icons_default sc_icons_size_small sc_align_left\"><div class=\"sc_icons_columns sc_item_columns trx_addons_columns_wrap columns_padding_bottom\"><div class=\"trx_addons_column-1_2\"><div class=\"sc_icons_item sc_icons_item_linked\"><div id=\"sc_icons_1165672185_icon-mail-light\" class=\"sc_icons_icon sc_icon_type_ icon-mail-light\"\n\t\t\t\t\t\t\t\t\t\t\t\t><span class=\"sc_icon_type_ icon-mail-light\"><\/span><\/div><h4 class=\"sc_icons_item_title\"><span>info@swisstranslations.com<\/span><\/h4><a href=\"mailto:%20info@swisstranslations.com\" class=\"sc_icons_item_link\"><\/a><\/div><\/div><div class=\"trx_addons_column-1_2\"><div class=\"sc_icons_item sc_icons_item_linked\"><div id=\"sc_icons_1165672185_icon-phone\" class=\"sc_icons_icon sc_icon_type_ icon-phone\"\n\t\t\t\t\t\t\t\t\t\t\t\t><span class=\"sc_icon_type_ icon-phone\"><\/span><\/div><h4 class=\"sc_icons_item_title\"><span>091 682 12 21<\/span><\/h4><a href=\"tel:%200916821221\" class=\"sc_icons_item_link\"><\/a><\/div><\/div><\/div><\/div><!-- \/.sc_icons --><\/div>[vc_empty_space alter_height=\"large\" hide_on_mobile=\"\" css=\".vc_custom_1570780281078{margin-top: -1rem !important;}\"][\/vc_column][vc_column width=\"1\/3\" icons_position=\"left\"][\/vc_column][\/vc_row]<\/div>[\/vc_column][\/vc_row]<\/p>\n<\/section>","protected":false},"excerpt":{"rendered":"<p>[vc_row full_width=&#8221;stretch_row&#8221; content_placement=&#8221;middle&#8221; css=&#8221;.vc_custom_1570980636054{background-image: url(https:\/\/swisstranslations.com\/wp-content\/uploads\/2019\/10\/swisstranslations_lingue.jpg?id=1562) !important;background-position: center !important;background-repeat: no-repeat !important;background-size: cover !important;}&#8221;][vc_column][vc_empty_space alter_height=&#8221;huge&#8221; hide_on_mobile=&#8221;&#8221;][\/vc_column][vc_column width=&#8221;2\/3&#8243;][vc_empty_space alter_height=&#8221;huge&#8221; hide_on_mobile=&#8221;&#8221;][\/vc_column][vc_column width=&#8221;1\/3&#8243;][\/vc_column][\/vc_row][vc_row][vc_column][vc_empty_space alter_height=&#8221;medium&#8221; hide_on_mobile=&#8221;&#8221;][vc_empty_space alter_height=&#8221;small&#8221; hide_on_mobile=&#8221;&#8221;][vc_empty_space alter_height=&#8221;small&#8221; hide_on_mobile=&#8221;&#8221;][\/vc_column][\/vc_row][vc_row][vc_column width=&#8221;1\/3&#8243;][vc_column_text] Albanisch Amerikanisches Englisch Arabisch Armenisch Baskisch Bosnisch Bulgarisch Chinesische Sprachen (Mandarin, Kantonesisch, Wu) D\u00e4nisch Deutsch&hellip;<\/p>\n","protected":false},"author":3,"featured_media":0,"parent":0,"menu_order":0,"comment_status":"closed","ping_status":"closed","template":"","meta":{"_monsterinsights_skip_tracking":false,"_monsterinsights_sitenote_active":false,"_monsterinsights_sitenote_note":"","_monsterinsights_sitenote_category":0,"footnotes":""},"class_list":["post-1211","page","type-page","status-publish","hentry"],"_links":{"self":[{"href":"https:\/\/swisstranslations.com\/index.php?rest_route=\/wp\/v2\/pages\/1211","targetHints":{"allow":["GET"]}}],"collection":[{"href":"https:\/\/swisstranslations.com\/index.php?rest_route=\/wp\/v2\/pages"}],"about":[{"href":"https:\/\/swisstranslations.com\/index.php?rest_route=\/wp\/v2\/types\/page"}],"author":[{"embeddable":true,"href":"https:\/\/swisstranslations.com\/index.php?rest_route=\/wp\/v2\/users\/3"}],"replies":[{"embeddable":true,"href":"https:\/\/swisstranslations.com\/index.php?rest_route=%2Fwp%2Fv2%2Fcomments&post=1211"}],"version-history":[{"count":7,"href":"https:\/\/swisstranslations.com\/index.php?rest_route=\/wp\/v2\/pages\/1211\/revisions"}],"predecessor-version":[{"id":2203,"href":"https:\/\/swisstranslations.com\/index.php?rest_route=\/wp\/v2\/pages\/1211\/revisions\/2203"}],"wp:attachment":[{"href":"https:\/\/swisstranslations.com\/index.php?rest_route=%2Fwp%2Fv2%2Fmedia&parent=1211"}],"curies":[{"name":"wp","href":"https:\/\/api.w.org\/{rel}","templated":true}]}}