{"id":1215,"date":"2019-09-10T19:27:32","date_gmt":"2019-09-10T19:27:32","guid":{"rendered":"https:\/\/swisstranslations.com\/?page_id=1215"},"modified":"2020-06-22T14:06:02","modified_gmt":"2020-06-22T14:06:02","slug":"bereiche","status":"publish","type":"page","link":"https:\/\/swisstranslations.com\/?page_id=1215&lang=de","title":{"rendered":"Bereiche"},"content":{"rendered":"<section class=\"wpb-content-wrapper\"><p>[vc_row full_width=&#8221;stretch_row&#8221; content_placement=&#8221;middle&#8221; css=&#8221;.vc_custom_1570980825075{background-image: url(https:\/\/swisstranslations.com\/wp-content\/uploads\/2019\/10\/swisstranslations_settori.jpg?id=1563) !important;background-position: center !important;background-repeat: no-repeat !important;background-size: cover !important;}&#8221;][vc_column][vc_empty_space alter_height=&#8221;huge&#8221; hide_on_mobile=&#8221;&#8221;][\/vc_column][vc_column width=&#8221;2\/3&#8243;][vc_empty_space alter_height=&#8221;huge&#8221; hide_on_mobile=&#8221;&#8221;][\/vc_column][vc_column width=&#8221;1\/3&#8243;][\/vc_column][\/vc_row][vc_row][vc_column][vc_empty_space alter_height=&#8221;medium&#8221; hide_on_mobile=&#8221;&#8221;]<div id=\"sc_title_1507570552\"\n\t\tclass=\"sc_title sc_title_default\"><h1 class=\"sc_item_title sc_title_title sc_align_left sc_item_title_style_default sc_item_title_tag\">Bereiche<\/h1><div class=\"sc_item_descr sc_title_descr sc_align_left\"><p>Unsere professionelle Agentur ist in vielen Bereichen t\u00e4tig. Wir \u00fcbersetzen Ihre Texte in mehr als 100 Sprachen und garantieren die Qualit\u00e4t und die Einhaltung Ihrer Ziele im Bereich Kommunikation und Beachtung der besonderen Anforderungen hinsichtlich Ihrer Zielgruppe.<\/p>\n<\/div><\/div><!-- \/.sc_title -->[vc_empty_space alter_height=&#8221;small&#8221; hide_on_mobile=&#8221;&#8221;]<div id=\"sc_title_750209838\"\n\t\tclass=\"sc_title sc_title_default\"><h3 class=\"sc_item_title sc_title_title sc_align_left sc_item_title_style_default\">Wir bieten \u00dcbersetzungen in den folgenden Bereichen an:<\/h3><\/div><!-- \/.sc_title -->[vc_empty_space alter_height=&#8221;small&#8221; hide_on_mobile=&#8221;&#8221;][\/vc_column][\/vc_row][vc_row][vc_column][vc_row_inner][vc_column_inner width=&#8221;1\/3&#8243;][vc_column_text]<\/p>\n<div class=\"fusion-one-third one_third fusion-layout-column fusion-column spacing-yes\">\n<div class=\"fusion-column-wrapper\">\n<ul>\n<li>Anlagenbau<\/li>\n<li>Audiovisuelle Medien<\/li>\n<li>Aus- und Weiterbildung<\/li>\n<li>Automobil<\/li>\n<li>Bauwesen<\/li>\n<li>Bekleidung<\/li>\n<li>Betriebsmanagement<\/li>\n<li>Catering<\/li>\n<li>Druckereiwesen<\/li>\n<li>Einrichtung<\/li>\n<li>Erdbaumaschinen<\/li>\n<li>Erneuerbare Energien<\/li>\n<li>Europapolitik<\/li>\n<li>Fitness<\/li>\n<li>Gewerbliche Patente<\/li>\n<li>Gesundheitswesen<\/li>\n<li>Grafik und Werbung<\/li>\n<li>Industrieautomation<\/li>\n<li>Informatik<\/li>\n<\/ul>\n<\/div>\n<\/div>\n<p>[\/vc_column_text][\/vc_column_inner][vc_column_inner width=&#8221;1\/3&#8243;][vc_column_text]<\/p>\n<div class=\"fusion-one-third one_third fusion-layout-column fusion-column spacing-yes\">\n<div class=\"fusion-column-wrapper\">\n<ul>\n<li>Ingenieurwesen<\/li>\n<li>Internet<\/li>\n<li>Kleinkind-Ausstattung<\/li>\n<li>K\u00f6rperpflege und Kosmetik<\/li>\n<li>Kunst<\/li>\n<li>Kunststoffverarbeitung<\/li>\n<li>Lebensmittelindustrie<\/li>\n<li>Luxusg\u00fcter<\/li>\n<li>Marketing<\/li>\n<li>Mechanik<\/li>\n<li>Medizin<\/li>\n<li>Medizintechnik<\/li>\n<li>Mode<\/li>\n<li>\u00d6ffentliche Verwaltung<\/li>\n<li>Pharmazeutik<\/li>\n<li>Public Relations<\/li>\n<li>Qualit\u00e4tsmanagement<\/li>\n<li>Recht<\/li>\n<li>Reifenherstellung<\/li>\n<\/ul>\n<\/div>\n<\/div>\n<p>[\/vc_column_text][\/vc_column_inner][vc_column_inner width=&#8221;1\/3&#8243;][vc_column_text]<\/p>\n<div class=\"fusion-one-third one_third fusion-layout-column fusion-column last spacing-yes\">\n<div class=\"fusion-column-wrapper\">\n<ul>\n<li>Religion<\/li>\n<li>Robotik<\/li>\n<li>Schmuck<\/li>\n<li>Schuhwaren<\/li>\n<li>Software<\/li>\n<li>Stoffe und Gewebe<\/li>\n<li>Telefonie<\/li>\n<li>Telekommunikation<\/li>\n<li>Tourismus<\/li>\n<li>Umwelt<\/li>\n<li>Unternehmenskommunikation<\/li>\n<li>Veranstaltungen<\/li>\n<li>Verlagswesen<\/li>\n<li>Verpackungsmittelindustrie<\/li>\n<li>Web Design<\/li>\n<li>Wein und Gastronomie<\/li>\n<li>Werkzeugmaschinen<\/li>\n<li>Wirtschaft und Finanzen<\/li>\n<\/ul>\n<\/div>\n<\/div>\n<p>[\/vc_column_text][\/vc_column_inner][\/vc_row_inner][\/vc_column][\/vc_row][vc_row][vc_column][vc_empty_space alter_height=&#8221;medium&#8221; hide_on_mobile=&#8221;&#8221;][vc_column_text]F\u00fcr fachm\u00e4nnische \u00dcbersetzungen betreffend technische und warenkundige Bereiche z\u00f6gern Sie nicht, uns per E-Mail an \u00a0<a href=\"mailto:info@swisstranslations.com\">info@swisstranslations.com<\/a> zu kontaktieren und das File, das Sie zu \u00fcbersetzen w\u00fcnschen, beizulegen. Innerhalb kurzer Zeit werden Sie unser Kostenvoranschlag mit den Aush\u00e4ndigungszeiten erhalten.<\/p>\n<p>F\u00fcr jegliche Art von \u00dcbersetzung schreiben Sie uns an\u00a0<a href=\"mailto:info@swisstranslations.com\">info@swisstranslations.com<\/a>\u00a0oder f\u00fcllen Sie das untenstehende Formular aus und legen Sie das zu \u00fcbersetzende File bei. Wir werden Ihnen schnellstm\u00f6glich mit einem unverbindlichen Kostenvoranschlag antworten! Worauf warten Sie?[\/vc_column_text][vc_empty_space alter_height=&#8221;large&#8221; hide_on_mobile=&#8221;&#8221;][\/vc_column][\/vc_row][vc_row][vc_column]<div class=\"sc_layouts sc_layouts_default sc_layouts_2173\">[vc_row full_width=\"stretch_row\" css=\".vc_custom_1592503508267{background-color: #f0f4f7 !important;}\"][vc_column width=\"2\/3\" icons_position=\"left\"][vc_empty_space alter_height=\"large\" hide_on_mobile=\"\" css=\".vc_custom_1570780276049{margin-top: -1.2rem !important;}\"]<div class=\"sc_layouts_item\"><div id=\"sc_title_89086707\"\n\t\tclass=\"sc_title sc_title_default\"><h1 class=\"sc_item_title sc_title_title sc_align_left sc_item_title_style_default sc_item_title_tag\">Kostenvoranschlag anfordern!<\/h1><div class=\"sc_item_descr sc_title_descr sc_align_left\"><p>Um einen Kostenvoranschlag oder weitere Informationen anzufordern:<\/p>\n<\/div><\/div><!-- \/.sc_title --><\/div>[vc_empty_space alter_height=\"small\" hide_on_mobile=\"\" css=\".vc_custom_1592505932506{margin-top: -1rem !important;}\"]<div class=\"sc_layouts_item\"><div id=\"sc_icons_84214220\" \n\tclass=\"sc_icons sc_icons_default sc_icons_size_small sc_align_left\"><div class=\"sc_icons_columns sc_item_columns trx_addons_columns_wrap columns_padding_bottom\"><div class=\"trx_addons_column-1_2\"><div class=\"sc_icons_item sc_icons_item_linked\"><div id=\"sc_icons_84214220_icon-mail-light\" class=\"sc_icons_icon sc_icon_type_ icon-mail-light\"\n\t\t\t\t\t\t\t\t\t\t\t\t><span class=\"sc_icon_type_ icon-mail-light\"><\/span><\/div><h4 class=\"sc_icons_item_title\"><span>info@swisstranslations.com<\/span><\/h4><a href=\"mailto:%20info@swisstranslations.com\" class=\"sc_icons_item_link\"><\/a><\/div><\/div><div class=\"trx_addons_column-1_2\"><div class=\"sc_icons_item sc_icons_item_linked\"><div id=\"sc_icons_84214220_icon-phone\" class=\"sc_icons_icon sc_icon_type_ icon-phone\"\n\t\t\t\t\t\t\t\t\t\t\t\t><span class=\"sc_icon_type_ icon-phone\"><\/span><\/div><h4 class=\"sc_icons_item_title\"><span>091 682 12 21<\/span><\/h4><a href=\"tel:%200916821221\" class=\"sc_icons_item_link\"><\/a><\/div><\/div><\/div><\/div><!-- \/.sc_icons --><\/div>[vc_empty_space alter_height=\"large\" hide_on_mobile=\"\" css=\".vc_custom_1570780281078{margin-top: -1rem !important;}\"][\/vc_column][vc_column width=\"1\/3\" icons_position=\"left\"][\/vc_column][\/vc_row]<\/div>[\/vc_column][\/vc_row]<\/p>\n<\/section>","protected":false},"excerpt":{"rendered":"<p>[vc_row full_width=&#8221;stretch_row&#8221; content_placement=&#8221;middle&#8221; css=&#8221;.vc_custom_1570980825075{background-image: url(https:\/\/swisstranslations.com\/wp-content\/uploads\/2019\/10\/swisstranslations_settori.jpg?id=1563) !important;background-position: center !important;background-repeat: no-repeat !important;background-size: cover !important;}&#8221;][vc_column][vc_empty_space alter_height=&#8221;huge&#8221; hide_on_mobile=&#8221;&#8221;][\/vc_column][vc_column width=&#8221;2\/3&#8243;][vc_empty_space alter_height=&#8221;huge&#8221; hide_on_mobile=&#8221;&#8221;][\/vc_column][vc_column width=&#8221;1\/3&#8243;][\/vc_column][\/vc_row][vc_row][vc_column][vc_empty_space alter_height=&#8221;medium&#8221; hide_on_mobile=&#8221;&#8221;][vc_empty_space alter_height=&#8221;small&#8221; hide_on_mobile=&#8221;&#8221;][vc_empty_space alter_height=&#8221;small&#8221; hide_on_mobile=&#8221;&#8221;][\/vc_column][\/vc_row][vc_row][vc_column][vc_row_inner][vc_column_inner width=&#8221;1\/3&#8243;][vc_column_text] Anlagenbau Audiovisuelle Medien Aus- und Weiterbildung Automobil Bauwesen Bekleidung Betriebsmanagement Catering Druckereiwesen Einrichtung Erdbaumaschinen Erneuerbare&hellip;<\/p>\n","protected":false},"author":2,"featured_media":0,"parent":0,"menu_order":0,"comment_status":"closed","ping_status":"closed","template":"","meta":{"_monsterinsights_skip_tracking":false,"_monsterinsights_sitenote_active":false,"_monsterinsights_sitenote_note":"","_monsterinsights_sitenote_category":0,"footnotes":""},"class_list":["post-1215","page","type-page","status-publish","hentry"],"_links":{"self":[{"href":"https:\/\/swisstranslations.com\/index.php?rest_route=\/wp\/v2\/pages\/1215","targetHints":{"allow":["GET"]}}],"collection":[{"href":"https:\/\/swisstranslations.com\/index.php?rest_route=\/wp\/v2\/pages"}],"about":[{"href":"https:\/\/swisstranslations.com\/index.php?rest_route=\/wp\/v2\/types\/page"}],"author":[{"embeddable":true,"href":"https:\/\/swisstranslations.com\/index.php?rest_route=\/wp\/v2\/users\/2"}],"replies":[{"embeddable":true,"href":"https:\/\/swisstranslations.com\/index.php?rest_route=%2Fwp%2Fv2%2Fcomments&post=1215"}],"version-history":[{"count":8,"href":"https:\/\/swisstranslations.com\/index.php?rest_route=\/wp\/v2\/pages\/1215\/revisions"}],"predecessor-version":[{"id":2204,"href":"https:\/\/swisstranslations.com\/index.php?rest_route=\/wp\/v2\/pages\/1215\/revisions\/2204"}],"wp:attachment":[{"href":"https:\/\/swisstranslations.com\/index.php?rest_route=%2Fwp%2Fv2%2Fmedia&parent=1215"}],"curies":[{"name":"wp","href":"https:\/\/api.w.org\/{rel}","templated":true}]}}