{"id":1230,"date":"2019-09-10T19:48:45","date_gmt":"2019-09-10T19:48:45","guid":{"rendered":"https:\/\/swisstranslations.com\/?page_id=1230"},"modified":"2020-06-22T14:16:59","modified_gmt":"2020-06-22T14:16:59","slug":"le-saviez-vous","status":"publish","type":"page","link":"https:\/\/swisstranslations.com\/?page_id=1230&lang=fr","title":{"rendered":"Le saviez-vous ?"},"content":{"rendered":"<section class=\"wpb-content-wrapper\"><p>[vc_row full_width=&#8221;stretch_row&#8221; content_placement=&#8221;middle&#8221; css=&#8221;.vc_custom_1570981193243{background-image: url(https:\/\/swisstranslations.com\/wp-content\/uploads\/2019\/10\/swisstranslations_curiosita.jpg?id=1566) !important;background-position: center !important;background-repeat: no-repeat !important;background-size: cover !important;}&#8221;][vc_column][vc_empty_space alter_height=&#8221;huge&#8221; hide_on_mobile=&#8221;&#8221;][\/vc_column][vc_column width=&#8221;2\/3&#8243;][vc_empty_space alter_height=&#8221;huge&#8221; hide_on_mobile=&#8221;&#8221;][\/vc_column][vc_column width=&#8221;1\/3&#8243;][\/vc_column][\/vc_row][vc_row][vc_column][vc_empty_space alter_height=&#8221;medium&#8221; hide_on_mobile=&#8221;&#8221;]<div id=\"sc_title_671312260\"\n\t\tclass=\"sc_title sc_title_default\"><h1 class=\"sc_item_title sc_title_title sc_align_left sc_item_title_style_default sc_item_title_tag\">Le saviez-vous ?<\/h1><div class=\"sc_item_descr sc_title_descr sc_align_left\"><p>De nos jours, les langues \u00e9trang\u00e8res sont une n\u00e9cessit\u00e9 : tout le monde doit les conna\u00eetre et on les enseigne au quatre coins de la plan\u00e8te.<\/p>\n<\/div><\/div><!-- \/.sc_title -->[vc_empty_space alter_height=&#8221;small&#8221; hide_on_mobile=&#8221;&#8221;]<div id=\"sc_title_200291961\"\n\t\tclass=\"sc_title sc_title_default\"><h3 class=\"sc_item_title sc_title_title sc_align_left sc_item_title_style_default\">Curiosit\u00e9s linguistiques<\/h3><\/div><!-- \/.sc_title -->[vc_empty_space alter_height=&#8221;small&#8221; hide_on_mobile=&#8221;&#8221;][vc_column_text]Les langues actuellement parl\u00e9es dans le monde sont au nombre de 7000. Rien qu&#8217;en Asie, on en parle 2000.<\/p>\n<p>Le livre pour enfants le plus traduit au monde est \u00ab\u00a0Le petit prince\u00a0\u00bb (diffus\u00e9 dans 253 langues), suivi par \u00ab\u00a0Pinocchio\u00a0\u00bb (disponible en 240 langues).<\/p>\n<p>L&#8217;auteur unique la plus traduite est Agatha Christie avec 7117 versions de ses romans.<\/p>\n<p>La langue la plus r\u00e9pandue dans le monde est le chinois mandarin, suivi de l&#8217;anglais. Cependant, l&#8217;anglais n&#8217;est pas exactement le m\u00eame selon le lieu o\u00f9 on le parle. Il existe ainsi des diff\u00e9rences entre l&#8217;anglais parl\u00e9 au Royaume-Uni, aux \u00c9tats-Unis ou en Australie.<\/p>\n<p>La langue qui a le plus de mots est justement l&#8217;anglais qui en poss\u00e8de 490&#8217;000, alors que la langue qui en a le moins est le sranan tongo (aussi connu sous le nom de \u00ab taki taki \u00bb, un nom d\u00e9riv\u00e9 de l&#8217;anglais talk talk), une langue cr\u00e9ole qui n&#8217;a que 340 mots. On la parle au Suriname, une r\u00e9publique d&#8217;Am\u00e9rique du Sud, ex-colonie des Pays-Bas. Cette langue r\u00e9sulte de la fusion du n\u00e9erlandais, de l&#8217;anglais, du portugais et de langues d&#8217;Afrique centrale et occidentale.<\/p>\n<p>Le pays qui poss\u00e8de le plus grand nombre de langues officielles est l&#8217;Afrique du Sud\u00a0: il en existe 11, dont deux indo-europ\u00e9ennes et neuf bantoues.<\/p>\n<p>La Papouasie-Nouvelle-Guin\u00e9e est un cas qui ne peut pas passer inaper\u00e7u. Il y a trois langues officielles (anglais, tok pisin et hiri motu), mais 850 autres langues sont utilis\u00e9es localement. On estime que 10\u00a0% des langues du monde sont justement parl\u00e9es en Papouasie-Nouvelle-Guin\u00e9e.<\/p>\n<p>Au Mexique, on trouve l&#8217;un des nombreux cas de langue en voie d&#8217;extinction\u00a0: l&#8217;ayapaneco. En 1971, seules 40 personnes parlaient encore la langue, et d&#8217;apr\u00e8s les donn\u00e9es du recensement de 2010, il n&#8217;en restait que 4.<\/p>\n<p>L&#8217;Espagne poss\u00e8de \u00e9galement une vari\u00e9t\u00e9 linguistique sur son territoire. Le castillan, commun\u00e9ment appel\u00e9 espagnol, est la langue officielle. Mais dans les diff\u00e9rentes r\u00e9gions d&#8217;Espagne, la langue basque (la plus ancienne langue d&#8217;Europe), le catalan, le galicien et l&#8217;aranais sont \u00e9galement parl\u00e9s.<\/p>\n<p>Sur l&#8217;une des \u00eeles Canaries, La Gomera, il existe une langue compos\u00e9e de 4 consonnes et 4 voyelles. Ce qui en soi est d\u00e9j\u00e0 une particularit\u00e9 est d&#8217;autant plus inhabituel que ce langage, appel\u00e9 silbo gomero, ne s&#8217;articule que par l&#8217;utilisation de sifflets. Autrefois, les bergers l&#8217;utilisaient pour communiquer d&#8217;un ravin \u00e0 un autre. Elle \u00e9tait au bord de l&#8217;extinction, mais depuis 1990, elle est int\u00e9gr\u00e9e dans l&#8217;enseignement scolaire.<\/p>\n<p>Le chinois ne doit pas \u00eatre consid\u00e9r\u00e9 comme une langue unique, car il se compose de plusieurs variantes. Les plus r\u00e9pandues sont le mandarin, le cantonais, le wu et le min.<\/p>\n<p>Parmi les langues les plus anciennes toujours en usage, citons l&#8217;aram\u00e9en, parl\u00e9 dans certains villages de Syrie, tandis que parmi les langues celtiques, on peut rappeler le ga\u00e9lique, parl\u00e9 en Irlande.<\/p>\n<p>Le latin, consid\u00e9r\u00e9 comme une langue \u00ab\u00a0morte\u00a0\u00bb, est encore parl\u00e9 dans la Cit\u00e9 du Vatican, o\u00f9 c&#8217;est la langue officielle de l&#8217;\u00c9tat.<\/p>\n<p>La langue vietnamienne \u00ab\u00a0sedang\u00a0\u00bb est la langue qui poss\u00e8de le plus grand nombre de voyelles dans le monde.<\/p>\n<p>Le br\u00e9silien n&#8217;est pas une langue\u00a0; ce terme indique la nationalit\u00e9. La langue parl\u00e9e au Br\u00e9sil est le portugais.[\/vc_column_text][vc_empty_space alter_height=&#8221;medium&#8221; hide_on_mobile=&#8221;&#8221;][\/vc_column][\/vc_row][vc_row][vc_column]<div class=\"sc_layouts sc_layouts_default sc_layouts_2172\">[vc_row full_width=\"stretch_row\" css=\".vc_custom_1592503508267{background-color: #f0f4f7 !important;}\"][vc_column width=\"2\/3\" icons_position=\"left\"][vc_empty_space alter_height=\"large\" hide_on_mobile=\"\" css=\".vc_custom_1570780276049{margin-top: -1.2rem !important;}\"]<div class=\"sc_layouts_item\"><div id=\"sc_title_1278296096\"\n\t\tclass=\"sc_title sc_title_default\"><h1 class=\"sc_item_title sc_title_title sc_align_left sc_item_title_style_default sc_item_title_tag\">Demandez un devis !<\/h1><div class=\"sc_item_descr sc_title_descr sc_align_left\"><p>Pour demander un devis ou pour plus d\u2019informations :<\/p>\n<\/div><\/div><!-- \/.sc_title --><\/div>[vc_empty_space alter_height=\"small\" hide_on_mobile=\"\" css=\".vc_custom_1592505932506{margin-top: -1rem !important;}\"]<div class=\"sc_layouts_item\"><div id=\"sc_icons_1946258558\" \n\tclass=\"sc_icons sc_icons_default sc_icons_size_small sc_align_left\"><div class=\"sc_icons_columns sc_item_columns trx_addons_columns_wrap columns_padding_bottom\"><div class=\"trx_addons_column-1_2\"><div class=\"sc_icons_item sc_icons_item_linked\"><div id=\"sc_icons_1946258558_icon-mail-light\" class=\"sc_icons_icon sc_icon_type_ icon-mail-light\"\n\t\t\t\t\t\t\t\t\t\t\t\t><span class=\"sc_icon_type_ icon-mail-light\"><\/span><\/div><h4 class=\"sc_icons_item_title\"><span>info@swisstranslations.com<\/span><\/h4><a href=\"mailto:%20info@swisstranslations.com\" class=\"sc_icons_item_link\"><\/a><\/div><\/div><div class=\"trx_addons_column-1_2\"><div class=\"sc_icons_item sc_icons_item_linked\"><div id=\"sc_icons_1946258558_icon-phone\" class=\"sc_icons_icon sc_icon_type_ icon-phone\"\n\t\t\t\t\t\t\t\t\t\t\t\t><span class=\"sc_icon_type_ icon-phone\"><\/span><\/div><h4 class=\"sc_icons_item_title\"><span>091 682 12 21<\/span><\/h4><a href=\"tel:%200916821221\" class=\"sc_icons_item_link\"><\/a><\/div><\/div><\/div><\/div><!-- \/.sc_icons --><\/div>[vc_empty_space alter_height=\"large\" hide_on_mobile=\"\" css=\".vc_custom_1570780281078{margin-top: -1rem !important;}\"][\/vc_column][vc_column width=\"1\/3\" icons_position=\"left\"][\/vc_column][\/vc_row]<\/div>[\/vc_column][\/vc_row]<\/p>\n<\/section>","protected":false},"excerpt":{"rendered":"<p>[vc_row full_width=&#8221;stretch_row&#8221; content_placement=&#8221;middle&#8221; css=&#8221;.vc_custom_1570981193243{background-image: url(https:\/\/swisstranslations.com\/wp-content\/uploads\/2019\/10\/swisstranslations_curiosita.jpg?id=1566) !important;background-position: center !important;background-repeat: no-repeat !important;background-size: cover !important;}&#8221;][vc_column][vc_empty_space alter_height=&#8221;huge&#8221; hide_on_mobile=&#8221;&#8221;][\/vc_column][vc_column width=&#8221;2\/3&#8243;][vc_empty_space alter_height=&#8221;huge&#8221; hide_on_mobile=&#8221;&#8221;][\/vc_column][vc_column width=&#8221;1\/3&#8243;][\/vc_column][\/vc_row][vc_row][vc_column][vc_empty_space alter_height=&#8221;medium&#8221; hide_on_mobile=&#8221;&#8221;][vc_empty_space alter_height=&#8221;small&#8221; hide_on_mobile=&#8221;&#8221;][vc_empty_space alter_height=&#8221;small&#8221; hide_on_mobile=&#8221;&#8221;][vc_column_text]Les langues actuellement parl\u00e9es dans le monde sont au nombre de 7000. Rien qu&#8217;en Asie, on en&hellip;<\/p>\n","protected":false},"author":2,"featured_media":0,"parent":0,"menu_order":0,"comment_status":"closed","ping_status":"closed","template":"","meta":{"_monsterinsights_skip_tracking":false,"_monsterinsights_sitenote_active":false,"_monsterinsights_sitenote_note":"","_monsterinsights_sitenote_category":0,"footnotes":""},"class_list":["post-1230","page","type-page","status-publish","hentry"],"_links":{"self":[{"href":"https:\/\/swisstranslations.com\/index.php?rest_route=\/wp\/v2\/pages\/1230","targetHints":{"allow":["GET"]}}],"collection":[{"href":"https:\/\/swisstranslations.com\/index.php?rest_route=\/wp\/v2\/pages"}],"about":[{"href":"https:\/\/swisstranslations.com\/index.php?rest_route=\/wp\/v2\/types\/page"}],"author":[{"embeddable":true,"href":"https:\/\/swisstranslations.com\/index.php?rest_route=\/wp\/v2\/users\/2"}],"replies":[{"embeddable":true,"href":"https:\/\/swisstranslations.com\/index.php?rest_route=%2Fwp%2Fv2%2Fcomments&post=1230"}],"version-history":[{"count":13,"href":"https:\/\/swisstranslations.com\/index.php?rest_route=\/wp\/v2\/pages\/1230\/revisions"}],"predecessor-version":[{"id":2221,"href":"https:\/\/swisstranslations.com\/index.php?rest_route=\/wp\/v2\/pages\/1230\/revisions\/2221"}],"wp:attachment":[{"href":"https:\/\/swisstranslations.com\/index.php?rest_route=%2Fwp%2Fv2%2Fmedia&parent=1230"}],"curies":[{"name":"wp","href":"https:\/\/api.w.org\/{rel}","templated":true}]}}