{"id":1233,"date":"2019-09-10T19:56:50","date_gmt":"2019-09-10T19:56:50","guid":{"rendered":"https:\/\/swisstranslations.com\/?page_id=1233"},"modified":"2020-06-22T14:06:21","modified_gmt":"2020-06-22T14:06:21","slug":"sprachliche-kuriositaeten","status":"publish","type":"page","link":"https:\/\/swisstranslations.com\/?page_id=1233&lang=de","title":{"rendered":"Sprachliche Kuriosit\u00e4ten"},"content":{"rendered":"<section class=\"wpb-content-wrapper\"><p>[vc_row full_width=&#8221;stretch_row&#8221; content_placement=&#8221;middle&#8221; css=&#8221;.vc_custom_1570981297781{background-image: url(https:\/\/swisstranslations.com\/wp-content\/uploads\/2019\/10\/swisstranslations_curiosita.jpg?id=1566) !important;background-position: center !important;background-repeat: no-repeat !important;background-size: cover !important;}&#8221;][vc_column][vc_empty_space alter_height=&#8221;huge&#8221; hide_on_mobile=&#8221;&#8221;][\/vc_column][vc_column width=&#8221;2\/3&#8243;][vc_empty_space alter_height=&#8221;huge&#8221; hide_on_mobile=&#8221;&#8221;][\/vc_column][vc_column width=&#8221;1\/3&#8243;][\/vc_column][\/vc_row][vc_row][vc_column][vc_empty_space alter_height=&#8221;medium&#8221; hide_on_mobile=&#8221;&#8221;]<div id=\"sc_title_275578290\"\n\t\tclass=\"sc_title sc_title_default\"><h1 class=\"sc_item_title sc_title_title sc_align_left sc_item_title_style_default sc_item_title_tag\">Sprachliche Kuriosit\u00e4ten<\/h1><div class=\"sc_item_descr sc_title_descr sc_align_left\"><p>Heutzutage sind Fremdsprachen eine Notwendigkeit. Jeder muss Fremdsprachen k\u00f6nnen, \u00fcberall auf der Welt werden Fremdsprachen unterrichtet.<\/p>\n<\/div><\/div><!-- \/.sc_title -->[vc_empty_space alter_height=&#8221;small&#8221; hide_on_mobile=&#8221;&#8221;]<div id=\"sc_title_1634394431\"\n\t\tclass=\"sc_title sc_title_default\"><h3 class=\"sc_item_title sc_title_title sc_align_left sc_item_title_style_default\">Sprachliche Kuriosit\u00e4ten<\/h3><\/div><!-- \/.sc_title -->[vc_empty_space alter_height=&#8221;small&#8221; hide_on_mobile=&#8221;&#8221;][vc_column_text]Derzeit werden weltweit 7000 Sprachen gesprochen, davon 2000 alleine in Asien.<\/p>\n<p>Das am meisten \u00fcbersetzte Kinderbuch ist \u201cDer kleine Prinz\u201d (in 253 Sprachen \u00fcbersetzt), gefolgt von \u201cPinocchio\u201d (in 240 Sprachen erh\u00e4ltlich).<\/p>\n<p>Die meist\u00fcbersetzte Autorin ist Agatha Christie mit 7\u2018117 Versionen ihrer Kriminalromane.<\/p>\n<p>Die weltweit am weitesten verbreitete Sprache ist das Chinesische Mandarin, gefolgt von Englisch. Die englische Sprache neigt jedoch dazu, sich nach dem Gebiet zu ver\u00e4ndern, in welchem sie gesprochen wird. Man denke zum Beispiel nur an die Unterschiede zwischen dem British- oder dem American English oder der englischen Sprache, die in Australien gesprochen wird.<\/p>\n<p>Englisch ist auch die Sprache mit den meisten W\u00f6rtern rund 490&#8217;000. Die Sprache mit den wenigsten W\u00f6rtern ist Sranantongo (auch bekannt als \u201ctaki taki\u201d, der Name wurde vom englischen \u201ctalk talk\u201d, in etwa \u201cBlabla\u201d abgeleitet). Hierbei handelt es sich um eine kreolische Sprache mit nur 340 W\u00f6rtern, die in Surinam, einem Land in Mittelamerika gesprochen wird. Surinam ist eine ehemalige Kolonie der Niederlande. Es ist eine Mischung aus Holl\u00e4ndisch, Englisch, Portugiesisch, mittel- und westafrikanischen Sprachen.<\/p>\n<p>Das Land mit den meisten Amtssprachen ist S\u00fcdafrika: 11 davon sind zwei indoeurop\u00e4ische und neun Bantu-Sprachen.<\/p>\n<p>Unbedingt zu erw\u00e4hnen ist Papua Neuguinea. Das Land besitzt drei Amtssprachen (Englisch, Tok Pisin und Hiri Motu). Es gibt jedoch noch weitere 850 lokale Sprachen. 10 % der Weltsprachen werden in Papua Neuguinea gesprochen!<\/p>\n<p>In Mexiko finden wir einen von vielen F\u00e4llen, in denen Sprachen vom Verschwinden bedroht ist: das Ayapaneco. 1971 wurde diese Sprache noch von 40 Menschen gesprochen. Laut einer Statistik aus dem Jahre 2010 waren es nur noch 4.<\/p>\n<p>Auch Spanien weist eine grosse Sprachenvielfalt auf. Kastilisch, das \u00fcblicherweise als Spanisch bezeichnet wird, ist die Amtssprache. Doch in den verschiedenen Regionen Spaniens spricht man auch Baskisch (die \u00e4lteste Sprache in Europa), Katalanisch, Gallego und Aranesisch.<\/p>\n<p>Auf der Kanarischen Insel La Gomena gibt es eine Sprache, die aus 4 Konsonanten und 4 Vokalen besteht. Das ist bereits sehr speziell, aber noch viel aussergew\u00f6hnlicher ist, dass diese Sprache Silbo Gomero genannt wird. Diese wird ausschliesslich durch Pfiffe artikuliert. Fr\u00fcher wurde diese Sprache von den Hirten verwendet, um \u00fcber Schluchten hinweg zu kommunizieren. Sie war vom Aussterben bedroht, bis sie 1990 als Unterrichtsfach in den Schulen aufgenommen wurde.<\/p>\n<p>Chinesisch ist nicht als einheitliche Sprache zu betrachten, sondern es umfasst mehrere Varianten. Die am meisten gesprochenen Varianten sind Mandarin, Kantonesisch, Wu und Min.<\/p>\n<p>Zu den \u00e4ltesten, heute noch verwendeten Sprachen, z\u00e4hlt das Aram\u00e4isch. Diese Sprache wird nur noch in einigen syrischen D\u00f6rfern gesprochen. F\u00fcr keltische Sprachen ist G\u00e4lisch zu erw\u00e4hnen, das in Irland gesprochen wird.<\/p>\n<p>Das Lateinische wird zwar als \u201ctote\u201d Sprache betrachtet. Im Vatikanstaat ist die g\u00fcltige Amtssprache immer noch Latein.<\/p>\n<p>Die vietnamesische Sprache \u201cSedang\u201d ist die Sprache mit den meisten Vokalen.<\/p>\n<p>Brasilianisch ist keine Sprache, zeigt lediglich die Nationalit\u00e4t an. In Brasilien spricht man Portugiesisch.[\/vc_column_text][vc_empty_space alter_height=&#8221;medium&#8221; hide_on_mobile=&#8221;&#8221;][\/vc_column][\/vc_row][vc_row][vc_column]<div class=\"sc_layouts sc_layouts_default sc_layouts_2173\">[vc_row full_width=\"stretch_row\" css=\".vc_custom_1592503508267{background-color: #f0f4f7 !important;}\"][vc_column width=\"2\/3\" icons_position=\"left\"][vc_empty_space alter_height=\"large\" hide_on_mobile=\"\" css=\".vc_custom_1570780276049{margin-top: -1.2rem !important;}\"]<div class=\"sc_layouts_item\"><div id=\"sc_title_959005162\"\n\t\tclass=\"sc_title sc_title_default\"><h1 class=\"sc_item_title sc_title_title sc_align_left sc_item_title_style_default sc_item_title_tag\">Kostenvoranschlag anfordern!<\/h1><div class=\"sc_item_descr sc_title_descr sc_align_left\"><p>Um einen Kostenvoranschlag oder weitere Informationen anzufordern:<\/p>\n<\/div><\/div><!-- \/.sc_title --><\/div>[vc_empty_space alter_height=\"small\" hide_on_mobile=\"\" css=\".vc_custom_1592505932506{margin-top: -1rem !important;}\"]<div class=\"sc_layouts_item\"><div id=\"sc_icons_1166946882\" \n\tclass=\"sc_icons sc_icons_default sc_icons_size_small sc_align_left\"><div class=\"sc_icons_columns sc_item_columns trx_addons_columns_wrap columns_padding_bottom\"><div class=\"trx_addons_column-1_2\"><div class=\"sc_icons_item sc_icons_item_linked\"><div id=\"sc_icons_1166946882_icon-mail-light\" class=\"sc_icons_icon sc_icon_type_ icon-mail-light\"\n\t\t\t\t\t\t\t\t\t\t\t\t><span class=\"sc_icon_type_ icon-mail-light\"><\/span><\/div><h4 class=\"sc_icons_item_title\"><span>info@swisstranslations.com<\/span><\/h4><a href=\"mailto:%20info@swisstranslations.com\" class=\"sc_icons_item_link\"><\/a><\/div><\/div><div class=\"trx_addons_column-1_2\"><div class=\"sc_icons_item sc_icons_item_linked\"><div id=\"sc_icons_1166946882_icon-phone\" class=\"sc_icons_icon sc_icon_type_ icon-phone\"\n\t\t\t\t\t\t\t\t\t\t\t\t><span class=\"sc_icon_type_ icon-phone\"><\/span><\/div><h4 class=\"sc_icons_item_title\"><span>091 682 12 21<\/span><\/h4><a href=\"tel:%200916821221\" class=\"sc_icons_item_link\"><\/a><\/div><\/div><\/div><\/div><!-- \/.sc_icons --><\/div>[vc_empty_space alter_height=\"large\" hide_on_mobile=\"\" css=\".vc_custom_1570780281078{margin-top: -1rem !important;}\"][\/vc_column][vc_column width=\"1\/3\" icons_position=\"left\"][\/vc_column][\/vc_row]<\/div>[\/vc_column][\/vc_row]<\/p>\n<\/section>","protected":false},"excerpt":{"rendered":"<p>[vc_row full_width=&#8221;stretch_row&#8221; content_placement=&#8221;middle&#8221; css=&#8221;.vc_custom_1570981297781{background-image: url(https:\/\/swisstranslations.com\/wp-content\/uploads\/2019\/10\/swisstranslations_curiosita.jpg?id=1566) !important;background-position: center !important;background-repeat: no-repeat !important;background-size: cover !important;}&#8221;][vc_column][vc_empty_space alter_height=&#8221;huge&#8221; hide_on_mobile=&#8221;&#8221;][\/vc_column][vc_column width=&#8221;2\/3&#8243;][vc_empty_space alter_height=&#8221;huge&#8221; hide_on_mobile=&#8221;&#8221;][\/vc_column][vc_column width=&#8221;1\/3&#8243;][\/vc_column][\/vc_row][vc_row][vc_column][vc_empty_space alter_height=&#8221;medium&#8221; hide_on_mobile=&#8221;&#8221;][vc_empty_space alter_height=&#8221;small&#8221; hide_on_mobile=&#8221;&#8221;][vc_empty_space alter_height=&#8221;small&#8221; hide_on_mobile=&#8221;&#8221;][vc_column_text]Derzeit werden weltweit 7000 Sprachen gesprochen, davon 2000 alleine in Asien. Das am meisten \u00fcbersetzte Kinderbuch ist&hellip;<\/p>\n","protected":false},"author":2,"featured_media":0,"parent":0,"menu_order":0,"comment_status":"closed","ping_status":"closed","template":"","meta":{"_monsterinsights_skip_tracking":false,"_monsterinsights_sitenote_active":false,"_monsterinsights_sitenote_note":"","_monsterinsights_sitenote_category":0,"footnotes":""},"class_list":["post-1233","page","type-page","status-publish","hentry"],"_links":{"self":[{"href":"https:\/\/swisstranslations.com\/index.php?rest_route=\/wp\/v2\/pages\/1233","targetHints":{"allow":["GET"]}}],"collection":[{"href":"https:\/\/swisstranslations.com\/index.php?rest_route=\/wp\/v2\/pages"}],"about":[{"href":"https:\/\/swisstranslations.com\/index.php?rest_route=\/wp\/v2\/types\/page"}],"author":[{"embeddable":true,"href":"https:\/\/swisstranslations.com\/index.php?rest_route=\/wp\/v2\/users\/2"}],"replies":[{"embeddable":true,"href":"https:\/\/swisstranslations.com\/index.php?rest_route=%2Fwp%2Fv2%2Fcomments&post=1233"}],"version-history":[{"count":12,"href":"https:\/\/swisstranslations.com\/index.php?rest_route=\/wp\/v2\/pages\/1233\/revisions"}],"predecessor-version":[{"id":2206,"href":"https:\/\/swisstranslations.com\/index.php?rest_route=\/wp\/v2\/pages\/1233\/revisions\/2206"}],"wp:attachment":[{"href":"https:\/\/swisstranslations.com\/index.php?rest_route=%2Fwp%2Fv2%2Fmedia&parent=1233"}],"curies":[{"name":"wp","href":"https:\/\/api.w.org\/{rel}","templated":true}]}}