{"id":1235,"date":"2019-09-10T20:07:55","date_gmt":"2019-09-10T20:07:55","guid":{"rendered":"https:\/\/swisstranslations.com\/?page_id=1235"},"modified":"2020-06-22T14:06:11","modified_gmt":"2020-06-22T14:06:11","slug":"faq-de","status":"publish","type":"page","link":"https:\/\/swisstranslations.com\/?page_id=1235&lang=de","title":{"rendered":"FAQ de"},"content":{"rendered":"<section class=\"wpb-content-wrapper\"><p>[vc_row full_width=&#8221;stretch_row&#8221; content_placement=&#8221;middle&#8221; css=&#8221;.vc_custom_1570980884635{background-image: url(https:\/\/swisstranslations.com\/wp-content\/uploads\/2019\/10\/swisstranslations_faq_home.jpg?id=1557) !important;background-position: center !important;background-repeat: no-repeat !important;background-size: cover !important;}&#8221;][vc_column][vc_empty_space alter_height=&#8221;large&#8221; hide_on_mobile=&#8221;&#8221;][\/vc_column][vc_column width=&#8221;2\/3&#8243;]<div id=\"sc_title_653524396\"\n\t\tclass=\"scheme_dark sc_title sc_title_default\"><h1 class=\"sc_item_title sc_title_title sc_align_left sc_item_title_style_default sc_item_title_tag\">FAQ<\/h1><div class=\"sc_item_descr sc_title_descr sc_align_left\"><p>H\u00e4ufig gestellte Fragen zum \u00dcbersetzungsservice.<\/p>\n<\/div><\/div><!-- \/.sc_title -->[vc_empty_space alter_height=&#8221;medium&#8221; hide_on_mobile=&#8221;&#8221;][\/vc_column][vc_column width=&#8221;1\/3&#8243;][\/vc_column][\/vc_row][vc_row][vc_column][vc_empty_space alter_height=&#8221;medium&#8221; hide_on_mobile=&#8221;&#8221;][vc_toggle title=&#8221;Wie werden die Kosten einer \u00dcbersetzung berechnet?&#8221; style=&#8221;round&#8221; color=&#8221;chino&#8221; open=&#8221;true&#8221;]<span lang=\"DE-CH\">SWISS TRANSLATIONS geht von einer Normzeile mit 50 Zeichen aus (Leerzeichen inbegriffen), also von 50 Anschl\u00e4gen.<\/span><span lang=\"DE-CH\">\u00a0\u00a0 Die Kosten f\u00fcr eine \u00dcbersetzung variieren je nach Sprachkombination, Textart des Ausgangstextes und Dringlichkeit der Anfrage. Kontaktieren Sie uns f\u00fcr einen unverbindlichen Kostenvorschlag oder bei Fragen per E-Mail an die folgende Adresse: <\/span><a href=\"https:\/\/vesta.hostingdomus.org:2096\/cpsess2231439917\/3rdparty\/roundcube\/#NOP\" rel=\"noreferrer\"><span lang=\"DE-CH\">info@swisstranslations.com<\/span><\/a><\/p>\n<p>Wir werden Ihnen im Laufe eines Werktags antworten.[\/vc_toggle][vc_toggle title=&#8221;Wie lange ben\u00f6tigen Sie f\u00fcr die \u00dcbersetzung?&#8221; style=&#8221;round&#8221; color=&#8221;chino&#8221;]Die Lieferzeiten f\u00fcr eine \u00dcbersetzung variieren je nach Textl\u00e4nge des Ausgangstextes, seiner Komplexit\u00e4t und der Zielsprache. Mit der Offerte erhalten Sie auch die Durchf\u00fchrungszeiten und den Abgabetermin der Texte. In besonders dringenden F\u00e4llen geben Sie dies bitte einfach bei Ihrer Anfrage an und wir werden unser Bestes tun, um die \u00dcbersetzung so schnell wie m\u00f6glich abzuwickeln.[\/vc_toggle][vc_toggle title=&#8221;Nach welchen Kriterien w\u00e4hlen Sie Ihre Mitarbeiter aus?&#8221; style=&#8221;round&#8221; color=&#8221;chino&#8221;]SWISS TRANSLATIONS arbeitet nur mit Muttersprachlern zusammen, das bedeutet, dass jeder ausschliesslich in seine Muttersprache \u00fcbersetzt. Alle \u00dcbersetzer wurden aufgrund ihrer Berufserfahrung und Kompetenz in den jeweiligen Fachgebieten mit gr\u00f6sster Sorgfalt ausgew\u00e4hlt, um einwandfreie technische, rechtliche, wissenschaftliche usw. \u00dcbersetzungen zu gew\u00e4hrleisten.[\/vc_toggle][vc_toggle title=&#8221;Wie erhalte ich ein Angebot?&#8221; style=&#8221;round&#8221; color=&#8221;chino&#8221;]Nichts ist einfacher als das! Schicken Sie uns einfach eine E-Mail mit dem Text, den Sie \u00fcbersetzen wollen und Sie erhalten ein massgeschneidertes und vollst\u00e4ndiges Angebot mit Kostenvoranschlag, Lieferzeit und \u00dcbersetzungsmethode. Es ist in jedem Fall notwendig uns den zu \u00fcbersetzenden Text zuzusenden, damit unsere Mitarbeiter die Textl\u00e4nge bestimmen und eine genaue Offerte formulieren k\u00f6nnen. Der Kostenvoranschlag erfolgt kostenlos und unverbindlich. Alle Unterlagen, die wir erhalten, werden mit gr\u00f6sster Vertraulichkeit behandelt.[\/vc_toggle][vc_toggle title=&#8221;Welche Garantien gibt es daf\u00fcr, dass der Text richtig \u00fcbersetzt wird?&#8221; style=&#8221;round&#8221; color=&#8221;chino&#8221;]<span lang=\"DE-CH\">Die Wahl von professionellen \u00dcbersetzern und Muttersprachlern mit langj\u00e4hriger Erfahrung gew\u00e4hrleistet eine korrekte, dem Originaltext entsprechende und hinsichtlich der verwendeten Terminologie angemessene \u00dcbersetzung. Ausserdem wird der Text, bevor er an den Kunden ausgeliefert wird, f\u00fcr eine abschliessende Qualit\u00e4tskontrolle gr\u00fcndlich von einem zweiten \u00dcbersetzer \u00fcberarbeitet<\/span><span lang=\"DE\"> (Vier-Augen-Prinzip)<\/span><span lang=\"DE-CH\">.<\/span><span lang=\"DE-CH\"> Falls die \u00dcbersetzung dennoch Fehler enthalten sollte, hat der Kunde das Recht, den \u00fcbersetzten Text ohne zus\u00e4tzlichen Kostenaufwand korrigieren zu lassen. Die Korrektur der \u00dcbersetzung wird nur dann ausgeschlossen, wenn diese M\u00e4ngel durch den Kunden verursacht wurden, zum Beispiel im Falle von unvollst\u00e4ndigen oder falschen Informationen oder bei \u00dcbermittlung von nicht korrekten Originaltexten.<\/span>[\/vc_toggle][vc_toggle title=&#8221;F\u00fcr welche Sprachen wird der \u00dcbersetzungsdienst angeboten?&#8221; style=&#8221;round&#8221; color=&#8221;chino&#8221;]Wir bieten \u00dcbersetzungen in \u00fcber 100 Sprachen an.<br \/>\nEine Liste der wichtigsten, von uns \u00fcbersetzten Sprachen ist auf der <a href=\"https:\/\/swisstranslations.com\/de\/sprachen\/\">Seite SPRACHEN<\/a> verf\u00fcgbar.[\/vc_toggle][vc_toggle title=&#8221;Ist es m\u00f6glich, ein Dokument in mehrere Sprachen \u00fcbersetzen zu lassen?&#8221; style=&#8221;round&#8221; color=&#8221;chino&#8221;]Selbstverst\u00e4ndlich! Geben Sie in Ihrer Kostenanfrage einfach die gew\u00fcnschten Zielsprachen an.[\/vc_toggle][vc_toggle title=&#8221;Welche Garantie gibt es daf\u00fcr, dass die Lieferzeiten eingehalten werden?&#8221; style=&#8221;round&#8221; color=&#8221;chino&#8221;]SWISS TRANSLATIONS garantiert f\u00fcr die Lieferzeiten.<br \/>\nBitte lesen Sie die Allgemeinen Verkaufsbedingungen f\u00fcr weitere Einzelheiten.[\/vc_toggle][vc_toggle title=&#8221;Welche Verfahren werden zum Schutz der Vertraulichkeit angewandt?&#8221; style=&#8221;round&#8221; color=&#8221;chino&#8221;]Unsere Mitarbeiter sind an das Gesch\u00e4ftsgeheimnis gebunden und haben Vertraulichkeitserkl\u00e4rungen in Bezug auf Kundeninformationen unterzeichnet. Diskretion und Sicherheit der Informationen stehen in unserem Unternehmen an erster Stelle.<br \/>\nS\u00e4mtliche ausgef\u00fchrten Arbeiten sind streng vertraulich: Unsere \u00dcbersetzer sind sich der vertraulichen Natur dieser T\u00e4tigkeit bewusst und halten sich bei ihrer Arbeit streng an die Verschwiegenheitspflicht.<\/p>\n<p>Wir stehen Ihnen jederzeit gerne zur Verf\u00fcgung.[\/vc_toggle][vc_row_inner][vc_column_inner][vc_empty_space alter_height=&#8221;medium&#8221; hide_on_mobile=&#8221;&#8221;]<div class=\"sc_layouts sc_layouts_default sc_layouts_2173\">[vc_row full_width=\"stretch_row\" css=\".vc_custom_1592503508267{background-color: #f0f4f7 !important;}\"][vc_column width=\"2\/3\" icons_position=\"left\"][vc_empty_space alter_height=\"large\" hide_on_mobile=\"\" css=\".vc_custom_1570780276049{margin-top: -1.2rem !important;}\"]<div class=\"sc_layouts_item\"><div id=\"sc_title_1533319538\"\n\t\tclass=\"sc_title sc_title_default\"><h1 class=\"sc_item_title sc_title_title sc_align_left sc_item_title_style_default sc_item_title_tag\">Kostenvoranschlag anfordern!<\/h1><div class=\"sc_item_descr sc_title_descr sc_align_left\"><p>Um einen Kostenvoranschlag oder weitere Informationen anzufordern:<\/p>\n<\/div><\/div><!-- \/.sc_title --><\/div>[vc_empty_space alter_height=\"small\" hide_on_mobile=\"\" css=\".vc_custom_1592505932506{margin-top: -1rem !important;}\"]<div class=\"sc_layouts_item\"><div id=\"sc_icons_1520838532\" \n\tclass=\"sc_icons sc_icons_default sc_icons_size_small sc_align_left\"><div class=\"sc_icons_columns sc_item_columns trx_addons_columns_wrap columns_padding_bottom\"><div class=\"trx_addons_column-1_2\"><div class=\"sc_icons_item sc_icons_item_linked\"><div id=\"sc_icons_1520838532_icon-mail-light\" class=\"sc_icons_icon sc_icon_type_ icon-mail-light\"\n\t\t\t\t\t\t\t\t\t\t\t\t><span class=\"sc_icon_type_ icon-mail-light\"><\/span><\/div><h4 class=\"sc_icons_item_title\"><span>info@swisstranslations.com<\/span><\/h4><a href=\"mailto:%20info@swisstranslations.com\" class=\"sc_icons_item_link\"><\/a><\/div><\/div><div class=\"trx_addons_column-1_2\"><div class=\"sc_icons_item sc_icons_item_linked\"><div id=\"sc_icons_1520838532_icon-phone\" class=\"sc_icons_icon sc_icon_type_ icon-phone\"\n\t\t\t\t\t\t\t\t\t\t\t\t><span class=\"sc_icon_type_ icon-phone\"><\/span><\/div><h4 class=\"sc_icons_item_title\"><span>091 682 12 21<\/span><\/h4><a href=\"tel:%200916821221\" class=\"sc_icons_item_link\"><\/a><\/div><\/div><\/div><\/div><!-- \/.sc_icons --><\/div>[vc_empty_space alter_height=\"large\" hide_on_mobile=\"\" css=\".vc_custom_1570780281078{margin-top: -1rem !important;}\"][\/vc_column][vc_column width=\"1\/3\" icons_position=\"left\"][\/vc_column][\/vc_row]<\/div>[\/vc_column_inner][\/vc_row_inner][\/vc_column][\/vc_row]<\/p>\n<\/section>","protected":false},"excerpt":{"rendered":"<p>[vc_row full_width=&#8221;stretch_row&#8221; content_placement=&#8221;middle&#8221; css=&#8221;.vc_custom_1570980884635{background-image: url(https:\/\/swisstranslations.com\/wp-content\/uploads\/2019\/10\/swisstranslations_faq_home.jpg?id=1557) !important;background-position: center !important;background-repeat: no-repeat !important;background-size: cover !important;}&#8221;][vc_column][vc_empty_space alter_height=&#8221;large&#8221; hide_on_mobile=&#8221;&#8221;][\/vc_column][vc_column width=&#8221;2\/3&#8243;][vc_empty_space alter_height=&#8221;medium&#8221; hide_on_mobile=&#8221;&#8221;][\/vc_column][vc_column width=&#8221;1\/3&#8243;][\/vc_column][\/vc_row][vc_row][vc_column][vc_empty_space alter_height=&#8221;medium&#8221; hide_on_mobile=&#8221;&#8221;][vc_toggle title=&#8221;Wie werden die Kosten einer \u00dcbersetzung berechnet?&#8221; style=&#8221;round&#8221; color=&#8221;chino&#8221; open=&#8221;true&#8221;]SWISS TRANSLATIONS geht von einer Normzeile mit 50 Zeichen aus (Leerzeichen&hellip;<\/p>\n","protected":false},"author":3,"featured_media":0,"parent":0,"menu_order":0,"comment_status":"closed","ping_status":"closed","template":"","meta":{"_monsterinsights_skip_tracking":false,"_monsterinsights_sitenote_active":false,"_monsterinsights_sitenote_note":"","_monsterinsights_sitenote_category":0,"footnotes":""},"class_list":["post-1235","page","type-page","status-publish","hentry"],"_links":{"self":[{"href":"https:\/\/swisstranslations.com\/index.php?rest_route=\/wp\/v2\/pages\/1235","targetHints":{"allow":["GET"]}}],"collection":[{"href":"https:\/\/swisstranslations.com\/index.php?rest_route=\/wp\/v2\/pages"}],"about":[{"href":"https:\/\/swisstranslations.com\/index.php?rest_route=\/wp\/v2\/types\/page"}],"author":[{"embeddable":true,"href":"https:\/\/swisstranslations.com\/index.php?rest_route=\/wp\/v2\/users\/3"}],"replies":[{"embeddable":true,"href":"https:\/\/swisstranslations.com\/index.php?rest_route=%2Fwp%2Fv2%2Fcomments&post=1235"}],"version-history":[{"count":8,"href":"https:\/\/swisstranslations.com\/index.php?rest_route=\/wp\/v2\/pages\/1235\/revisions"}],"predecessor-version":[{"id":2205,"href":"https:\/\/swisstranslations.com\/index.php?rest_route=\/wp\/v2\/pages\/1235\/revisions\/2205"}],"wp:attachment":[{"href":"https:\/\/swisstranslations.com\/index.php?rest_route=%2Fwp%2Fv2%2Fmedia&parent=1235"}],"curies":[{"name":"wp","href":"https:\/\/api.w.org\/{rel}","templated":true}]}}