{"id":1240,"date":"2019-09-10T20:18:22","date_gmt":"2019-09-10T20:18:22","guid":{"rendered":"https:\/\/swisstranslations.com\/?page_id=1240"},"modified":"2020-06-22T14:16:49","modified_gmt":"2020-06-22T14:16:49","slug":"faq-fr","status":"publish","type":"page","link":"https:\/\/swisstranslations.com\/?page_id=1240&lang=fr","title":{"rendered":"FAQ fr"},"content":{"rendered":"<section class=\"wpb-content-wrapper\"><p>[vc_row full_width=&#8221;stretch_row&#8221; content_placement=&#8221;middle&#8221; css=&#8221;.vc_custom_1570981099560{background-image: url(https:\/\/swisstranslations.com\/wp-content\/uploads\/2019\/10\/swisstranslations_faq_home.jpg?id=1557) !important;background-position: center !important;background-repeat: no-repeat !important;background-size: cover !important;}&#8221;][vc_column][vc_empty_space alter_height=&#8221;large&#8221; hide_on_mobile=&#8221;&#8221;][\/vc_column][vc_column width=&#8221;2\/3&#8243;]<div id=\"sc_title_1256703338\"\n\t\tclass=\"scheme_dark sc_title sc_title_default\"><h1 class=\"sc_item_title sc_title_title sc_align_left sc_item_title_style_default sc_item_title_tag\">FAQ<\/h1><div class=\"sc_item_descr sc_title_descr sc_align_left\"><p>Foire aux questions sur le service de traduction.<\/p>\n<\/div><\/div><!-- \/.sc_title -->[vc_empty_space alter_height=&#8221;medium&#8221; hide_on_mobile=&#8221;&#8221;][\/vc_column][vc_column width=&#8221;1\/3&#8243;][\/vc_column][\/vc_row][vc_row][vc_column][vc_empty_space alter_height=&#8221;medium&#8221; hide_on_mobile=&#8221;&#8221;][vc_toggle title=&#8221;Comment calculer le co\u00fbt d\u2019une traduction\u2009?&#8221; style=&#8221;round&#8221; color=&#8221;chino&#8221; open=&#8221;true&#8221;]L\u2019unit\u00e9 de mesure adopt\u00e9e par SWISS TRANSLATIONS est la ligne de 50 caract\u00e8res espaces compris, soit 50 frappes. Le co\u00fbt d\u2019une traduction varie en fonction de la combinaison linguistique, du type de texte \u00e0 traduire et de l\u2019urgence \u00e9ventuelle de la demande. Pour un devis ou pour tout renseignement, veuillez nous envoyer un courriel \u00e0 <a href=\"mailto:info@swisstranslations.com\">info@swisstranslations.com<\/a>.[\/vc_toggle][vc_toggle title=&#8221;Quels sont les d\u00e9lais de traduction ?&#8221; style=&#8221;round&#8221; color=&#8221;chino&#8221;]Les d\u00e9lais de traduction varient en fonction de la longueur du texte \u00e0 traduire, de sa complexit\u00e9 et de la langue demand\u00e9e. Le devis comprend \u00e9galement les d\u00e9lais d\u2019ex\u00e9cution et de livraison des textes. En cas d\u2019urgence, signalez-le lors de votre demande et nous mettrons tout en \u0153uvre pour vous offrir les meilleurs d\u00e9lais de livraison possibles.[\/vc_toggle][vc_toggle title=&#8221;Quels sont les crit\u00e8res de recrutement de vos collaborateurs\u2009?&#8221; style=&#8221;round&#8221; color=&#8221;chino&#8221;]SWISS TRANSLATIONS collabore uniquement avec des traducteurs qui sont locuteurs natifs\u2009; cela signifie qu\u2019ils ne traduisent que vers leur langue maternelle. Tous les traducteurs ont \u00e9t\u00e9 rigoureusement s\u00e9lectionn\u00e9s sur la base de leur exp\u00e9rience professionnelle et de leur expertise dans divers domaines en fonction des traductions \u00e0 r\u00e9aliser\u2009: techniques, juridiques, scientifiques, etc.[\/vc_toggle][vc_toggle title=&#8221;Comment obtenir un devis\u2009?&#8221; style=&#8221;round&#8221; color=&#8221;chino&#8221;]Rien de plus simple\u2009! Il vous suffit de nous envoyer un courriel contenant les textes que vous souhaitez traduire et vous recevrez un devis d\u00e9taill\u00e9 sur lequel figurent le co\u00fbt, le d\u00e9lai de livraison et les modalit\u00e9s de r\u00e9alisation en fonction de vos exigences. Dans tous les cas, il vous sera demand\u00e9 de nous envoyer le texte \u00e0 traduire pour que nos op\u00e9rateurs puissent \u00e9valuer la longueur du texte et formuler une proposition pr\u00e9cise. Une demande de devis ne vous engage \u00e0 rien et est gratuite. Tous les documents envoy\u00e9s seront trait\u00e9s avec la plus grande confidentialit\u00e9.[\/vc_toggle][vc_toggle title=&#8221;Quelles sont les garanties que le texte traduit est correct\u2009?&#8221; style=&#8221;round&#8221; color=&#8221;chino&#8221;]Le fait de ne choisir que des traducteurs professionnels travaillant vers leur langue maternelle et ayant plusieurs ann\u00e9es d\u2019exp\u00e9rience est indubitablement gage d\u2019une traduction correcte, fid\u00e8le au texte original et ad\u00e9quate en mati\u00e8re de terminologie. En outre, avant la livraison au client, le texte subit une relecture attentive par un second traducteur pour un contr\u00f4le final de la qualit\u00e9. Si la traduction devait pr\u00e9senter des erreurs, le client aura droit \u00e0 la correction du texte traduit, sauf dans le cas o\u00f9 ces erreurs auraient \u00e9t\u00e9 caus\u00e9es par le client lui-m\u00eame, par exemple dans le cas d\u2019informations incompl\u00e8tes ou incorrectes, ou la transmission de textes source erron\u00e9s.[\/vc_toggle][vc_toggle title=&#8221;Pour quelles langues offrez-vous un service de traduction\u2009?&#8221; style=&#8221;round&#8221; color=&#8221;chino&#8221;]Nous proposons des traductions dans plus de 100\u00a0langues.<br \/>\nUne liste des principales langues que nous traitons est disponible sur la <a href=\"https:\/\/swisstranslations.com\/fr\/langues\/\">page\u00a0LANGUES<\/a><\/p>\n<h2><\/h2>\n<p>[\/vc_toggle][vc_toggle title=&#8221;Est-il possible de traduire un document en plusieurs langues\u2009?&#8221; style=&#8221;round&#8221; color=&#8221;chino&#8221;]Certainement\u2009! Il vous suffira d\u2019indiquer dans votre demande de devis les langues d\u00e9sir\u00e9es.[\/vc_toggle][vc_toggle title=&#8221;Ai-je des garanties sur les d\u00e9lais de livraison\u2009?&#8221; style=&#8221;round&#8221; color=&#8221;chino&#8221;]SWISS TRANSLATIONS garantit le respect des d\u00e9lais de livraison.<br \/>\nVeuillez consulter les conditions g\u00e9n\u00e9rales de vente pour plus de d\u00e9tails.[\/vc_toggle][vc_toggle title=&#8221;Quelles sont proc\u00e9dures adopt\u00e9es en mati\u00e8re de confidentialit\u00e9\u2009?&#8221; style=&#8221;round&#8221; color=&#8221;chino&#8221;]<u>Tous<\/u> nos collaborateurs sont tenus au secret professionnel et ont sign\u00e9 des accords de non-divulgation commerciale, car la confidentialit\u00e9 et la s\u00e9curit\u00e9 des informations sont primordiales pour notre soci\u00e9t\u00e9.<br \/>\n<u>Tous<\/u> les travaux que nous effectuons restent confidentiels\u2009: nos traducteurs sont tr\u00e8s attentifs \u00e0 la nature particuli\u00e8re de ce domaine et travaillent dans le respect entier de la confidentialit\u00e9.<\/p>\n<p>Pour plus d\u2019informations, n\u2019h\u00e9sitez pas \u00e0 nous contacter.[\/vc_toggle][vc_row_inner][vc_column_inner][vc_empty_space alter_height=&#8221;medium&#8221; hide_on_mobile=&#8221;&#8221;]<div class=\"sc_layouts sc_layouts_default sc_layouts_2172\">[vc_row full_width=\"stretch_row\" css=\".vc_custom_1592503508267{background-color: #f0f4f7 !important;}\"][vc_column width=\"2\/3\" icons_position=\"left\"][vc_empty_space alter_height=\"large\" hide_on_mobile=\"\" css=\".vc_custom_1570780276049{margin-top: -1.2rem !important;}\"]<div class=\"sc_layouts_item\"><div id=\"sc_title_1440813136\"\n\t\tclass=\"sc_title sc_title_default\"><h1 class=\"sc_item_title sc_title_title sc_align_left sc_item_title_style_default sc_item_title_tag\">Demandez un devis !<\/h1><div class=\"sc_item_descr sc_title_descr sc_align_left\"><p>Pour demander un devis ou pour plus d\u2019informations :<\/p>\n<\/div><\/div><!-- \/.sc_title --><\/div>[vc_empty_space alter_height=\"small\" hide_on_mobile=\"\" css=\".vc_custom_1592505932506{margin-top: -1rem !important;}\"]<div class=\"sc_layouts_item\"><div id=\"sc_icons_1877872645\" \n\tclass=\"sc_icons sc_icons_default sc_icons_size_small sc_align_left\"><div class=\"sc_icons_columns sc_item_columns trx_addons_columns_wrap columns_padding_bottom\"><div class=\"trx_addons_column-1_2\"><div class=\"sc_icons_item sc_icons_item_linked\"><div id=\"sc_icons_1877872645_icon-mail-light\" class=\"sc_icons_icon sc_icon_type_ icon-mail-light\"\n\t\t\t\t\t\t\t\t\t\t\t\t><span class=\"sc_icon_type_ icon-mail-light\"><\/span><\/div><h4 class=\"sc_icons_item_title\"><span>info@swisstranslations.com<\/span><\/h4><a href=\"mailto:%20info@swisstranslations.com\" class=\"sc_icons_item_link\"><\/a><\/div><\/div><div class=\"trx_addons_column-1_2\"><div class=\"sc_icons_item sc_icons_item_linked\"><div id=\"sc_icons_1877872645_icon-phone\" class=\"sc_icons_icon sc_icon_type_ icon-phone\"\n\t\t\t\t\t\t\t\t\t\t\t\t><span class=\"sc_icon_type_ icon-phone\"><\/span><\/div><h4 class=\"sc_icons_item_title\"><span>091 682 12 21<\/span><\/h4><a href=\"tel:%200916821221\" class=\"sc_icons_item_link\"><\/a><\/div><\/div><\/div><\/div><!-- \/.sc_icons --><\/div>[vc_empty_space alter_height=\"large\" hide_on_mobile=\"\" css=\".vc_custom_1570780281078{margin-top: -1rem !important;}\"][\/vc_column][vc_column width=\"1\/3\" icons_position=\"left\"][\/vc_column][\/vc_row]<\/div>[\/vc_column_inner][\/vc_row_inner][\/vc_column][\/vc_row]<\/p>\n<\/section>","protected":false},"excerpt":{"rendered":"<p>[vc_row full_width=&#8221;stretch_row&#8221; content_placement=&#8221;middle&#8221; css=&#8221;.vc_custom_1570981099560{background-image: url(https:\/\/swisstranslations.com\/wp-content\/uploads\/2019\/10\/swisstranslations_faq_home.jpg?id=1557) !important;background-position: center !important;background-repeat: no-repeat !important;background-size: cover !important;}&#8221;][vc_column][vc_empty_space alter_height=&#8221;large&#8221; hide_on_mobile=&#8221;&#8221;][\/vc_column][vc_column width=&#8221;2\/3&#8243;][vc_empty_space alter_height=&#8221;medium&#8221; hide_on_mobile=&#8221;&#8221;][\/vc_column][vc_column width=&#8221;1\/3&#8243;][\/vc_column][\/vc_row][vc_row][vc_column][vc_empty_space alter_height=&#8221;medium&#8221; hide_on_mobile=&#8221;&#8221;][vc_toggle title=&#8221;Comment calculer le co\u00fbt d\u2019une traduction\u2009?&#8221; style=&#8221;round&#8221; color=&#8221;chino&#8221; open=&#8221;true&#8221;]L\u2019unit\u00e9 de mesure adopt\u00e9e par SWISS TRANSLATIONS est la ligne de 50&hellip;<\/p>\n","protected":false},"author":3,"featured_media":0,"parent":0,"menu_order":0,"comment_status":"closed","ping_status":"closed","template":"","meta":{"_monsterinsights_skip_tracking":false,"_monsterinsights_sitenote_active":false,"_monsterinsights_sitenote_note":"","_monsterinsights_sitenote_category":0,"footnotes":""},"class_list":["post-1240","page","type-page","status-publish","hentry"],"_links":{"self":[{"href":"https:\/\/swisstranslations.com\/index.php?rest_route=\/wp\/v2\/pages\/1240","targetHints":{"allow":["GET"]}}],"collection":[{"href":"https:\/\/swisstranslations.com\/index.php?rest_route=\/wp\/v2\/pages"}],"about":[{"href":"https:\/\/swisstranslations.com\/index.php?rest_route=\/wp\/v2\/types\/page"}],"author":[{"embeddable":true,"href":"https:\/\/swisstranslations.com\/index.php?rest_route=\/wp\/v2\/users\/3"}],"replies":[{"embeddable":true,"href":"https:\/\/swisstranslations.com\/index.php?rest_route=%2Fwp%2Fv2%2Fcomments&post=1240"}],"version-history":[{"count":7,"href":"https:\/\/swisstranslations.com\/index.php?rest_route=\/wp\/v2\/pages\/1240\/revisions"}],"predecessor-version":[{"id":2220,"href":"https:\/\/swisstranslations.com\/index.php?rest_route=\/wp\/v2\/pages\/1240\/revisions\/2220"}],"wp:attachment":[{"href":"https:\/\/swisstranslations.com\/index.php?rest_route=%2Fwp%2Fv2%2Fmedia&parent=1240"}],"curies":[{"name":"wp","href":"https:\/\/api.w.org\/{rel}","templated":true}]}}