{"id":1414,"date":"2019-09-23T13:15:28","date_gmt":"2019-09-23T13:15:28","guid":{"rendered":"https:\/\/swisstranslations.com\/?page_id=1414"},"modified":"2020-06-22T14:08:50","modified_gmt":"2020-06-22T14:08:50","slug":"ubersetzungen-turismus-bereich","status":"publish","type":"page","link":"https:\/\/swisstranslations.com\/?page_id=1414&lang=de","title":{"rendered":"\u00dcbersetzungen im Tourismus Bereich"},"content":{"rendered":"<section class=\"wpb-content-wrapper\"><p>[vc_row full_width=&#8221;stretch_row&#8221; content_placement=&#8221;middle&#8221; css=&#8221;.vc_custom_1570983827354{background-image: url(https:\/\/swisstranslations.com\/wp-content\/uploads\/2019\/10\/swisstranslations_traduzioni_turistiche_2.jpg?id=1681) !important;background-position: center !important;background-repeat: no-repeat !important;background-size: cover !important;}&#8221;][vc_column][vc_empty_space alter_height=&#8221;huge&#8221; hide_on_mobile=&#8221;&#8221;][\/vc_column][vc_column width=&#8221;2\/3&#8243;][vc_empty_space alter_height=&#8221;huge&#8221; hide_on_mobile=&#8221;&#8221;][\/vc_column][vc_column width=&#8221;1\/3&#8243;][\/vc_column][\/vc_row][vc_row][vc_column][vc_empty_space alter_height=&#8221;medium&#8221; hide_on_mobile=&#8221;&#8221;]<div id=\"sc_title_307870737\"\n\t\tclass=\"sc_title sc_title_default\"><h1 class=\"sc_item_title sc_title_title sc_align_left sc_item_title_style_default sc_item_title_tag\">\u00dcbersetzungen im Tourismus Bereich<\/h1><div class=\"sc_item_descr sc_title_descr sc_align_left\"><p>All unsere \u00dcbersetzungen im Tourismus Bereich werden ausschliesslich von Muttersprachlern durchgef\u00fchrt, die ausser einer hochwertigen Sprachkompetenz auch \u00fcber h\u00f6here Fachkenntnisse und mehrj\u00e4hrigen Berufserfahrungen in den eigenen Arbeitssektoren verf\u00fcgen. Daher werden die \u00dcbersetzungen sehr professionell und sorgf\u00e4ltig durchgef\u00fchrt. Diese Tatsache wird auch durch unsere Kundschaft nach und nach best\u00e4tigt.<\/p>\n<p>Dies unter Einhaltung der Aush\u00e4ndigungstermine, des Datenschutzes und Vertraulichkeit.<\/p>\n<p>Wir bieten ausserdem einen Revisionsservice und eine Textkontrolle an. F\u00fcr \u00dcbersetzungen von Webseiten oder f\u00fcr die Werbung bieten wir auch einen Service f\u00fcr ein nochmaliges Durchlesen an, um die Richtigkeit zu pr\u00fcfen und also dann mit der Ver\u00f6ffentlichung starten zu k\u00f6nnen.<\/p>\n<\/div><\/div><!-- \/.sc_title -->[vc_empty_space alter_height=&#8221;small&#8221; hide_on_mobile=&#8221;&#8221;][vc_column_text]<\/p>\n<h5><span class=\"tlid-translation translation\" lang=\"de\"><span class=\"\" title=\"\">Beispiele f\u00fcr <\/span><\/span>\u00dcbersetzungen im Tourismus Bereich<\/h5>\n<p>Nachfolgend einige Beispiele, die uns anvertrauten \u00dcbersetzungsarten:[\/vc_column_text][vc_empty_space alter_height=&#8221;small&#8221; hide_on_mobile=&#8221;&#8221;][\/vc_column][\/vc_row][vc_row][vc_column][vc_column_text]<\/p>\n<ul>\n<li>Reisef\u00fchrer<\/li>\n<li>Texte f\u00fcr Webseiten<\/li>\n<li>Pressemitteilungen<\/li>\n<li>Prospekte, Werbetexte<\/li>\n<li>Apps (in Mitarbeit mit Ticino Turismo haben wir auf Englisch, Deutsch und Franz\u00f6sisch die erste Tourismus App #hikeTicino \u00fcbersetzt. Diese App dient zur Besichtigung der Tessiner Gehwege).<\/li>\n<\/ul>\n<p>[\/vc_column_text][\/vc_column][\/vc_row][vc_row][vc_column][vc_empty_space alter_height=&#8221;medium&#8221; hide_on_mobile=&#8221;&#8221;][vc_single_image image=&#8221;1581&#8243; img_size=&#8221;full&#8221;][vc_empty_space alter_height=&#8221;medium&#8221; hide_on_mobile=&#8221;&#8221;][\/vc_column][\/vc_row][vc_row][vc_column]<div class=\"sc_layouts sc_layouts_default sc_layouts_2173\">[vc_row full_width=\"stretch_row\" css=\".vc_custom_1592503508267{background-color: #f0f4f7 !important;}\"][vc_column width=\"2\/3\" icons_position=\"left\"][vc_empty_space alter_height=\"large\" hide_on_mobile=\"\" css=\".vc_custom_1570780276049{margin-top: -1.2rem !important;}\"]<div class=\"sc_layouts_item\"><div id=\"sc_title_1002360028\"\n\t\tclass=\"sc_title sc_title_default\"><h1 class=\"sc_item_title sc_title_title sc_align_left sc_item_title_style_default sc_item_title_tag\">Kostenvoranschlag anfordern!<\/h1><div class=\"sc_item_descr sc_title_descr sc_align_left\"><p>Um einen Kostenvoranschlag oder weitere Informationen anzufordern:<\/p>\n<\/div><\/div><!-- \/.sc_title --><\/div>[vc_empty_space alter_height=\"small\" hide_on_mobile=\"\" css=\".vc_custom_1592505932506{margin-top: -1rem !important;}\"]<div class=\"sc_layouts_item\"><div id=\"sc_icons_458607059\" \n\tclass=\"sc_icons sc_icons_default sc_icons_size_small sc_align_left\"><div class=\"sc_icons_columns sc_item_columns trx_addons_columns_wrap columns_padding_bottom\"><div class=\"trx_addons_column-1_2\"><div class=\"sc_icons_item sc_icons_item_linked\"><div id=\"sc_icons_458607059_icon-mail-light\" class=\"sc_icons_icon sc_icon_type_ icon-mail-light\"\n\t\t\t\t\t\t\t\t\t\t\t\t><span class=\"sc_icon_type_ icon-mail-light\"><\/span><\/div><h4 class=\"sc_icons_item_title\"><span>info@swisstranslations.com<\/span><\/h4><a href=\"mailto:%20info@swisstranslations.com\" class=\"sc_icons_item_link\"><\/a><\/div><\/div><div class=\"trx_addons_column-1_2\"><div class=\"sc_icons_item sc_icons_item_linked\"><div id=\"sc_icons_458607059_icon-phone\" class=\"sc_icons_icon sc_icon_type_ icon-phone\"\n\t\t\t\t\t\t\t\t\t\t\t\t><span class=\"sc_icon_type_ icon-phone\"><\/span><\/div><h4 class=\"sc_icons_item_title\"><span>091 682 12 21<\/span><\/h4><a href=\"tel:%200916821221\" class=\"sc_icons_item_link\"><\/a><\/div><\/div><\/div><\/div><!-- \/.sc_icons --><\/div>[vc_empty_space alter_height=\"large\" hide_on_mobile=\"\" css=\".vc_custom_1570780281078{margin-top: -1rem !important;}\"][\/vc_column][vc_column width=\"1\/3\" icons_position=\"left\"][\/vc_column][\/vc_row]<\/div>[\/vc_column][\/vc_row]<\/p>\n<\/section>","protected":false},"excerpt":{"rendered":"<p>[vc_row full_width=&#8221;stretch_row&#8221; content_placement=&#8221;middle&#8221; css=&#8221;.vc_custom_1570983827354{background-image: url(https:\/\/swisstranslations.com\/wp-content\/uploads\/2019\/10\/swisstranslations_traduzioni_turistiche_2.jpg?id=1681) !important;background-position: center !important;background-repeat: no-repeat !important;background-size: cover !important;}&#8221;][vc_column][vc_empty_space alter_height=&#8221;huge&#8221; hide_on_mobile=&#8221;&#8221;][\/vc_column][vc_column width=&#8221;2\/3&#8243;][vc_empty_space alter_height=&#8221;huge&#8221; hide_on_mobile=&#8221;&#8221;][\/vc_column][vc_column width=&#8221;1\/3&#8243;][\/vc_column][\/vc_row][vc_row][vc_column][vc_empty_space alter_height=&#8221;medium&#8221; hide_on_mobile=&#8221;&#8221;][vc_empty_space alter_height=&#8221;small&#8221; hide_on_mobile=&#8221;&#8221;][vc_column_text] Beispiele f\u00fcr \u00dcbersetzungen im Tourismus Bereich Nachfolgend einige Beispiele, die uns anvertrauten \u00dcbersetzungsarten:[\/vc_column_text][vc_empty_space alter_height=&#8221;small&#8221; hide_on_mobile=&#8221;&#8221;][\/vc_column][\/vc_row][vc_row][vc_column][vc_column_text] Reisef\u00fchrer Texte f\u00fcr&hellip;<\/p>\n","protected":false},"author":2,"featured_media":0,"parent":0,"menu_order":0,"comment_status":"closed","ping_status":"closed","template":"","meta":{"_monsterinsights_skip_tracking":false,"_monsterinsights_sitenote_active":false,"_monsterinsights_sitenote_note":"","_monsterinsights_sitenote_category":0,"footnotes":""},"class_list":["post-1414","page","type-page","status-publish","hentry"],"_links":{"self":[{"href":"https:\/\/swisstranslations.com\/index.php?rest_route=\/wp\/v2\/pages\/1414","targetHints":{"allow":["GET"]}}],"collection":[{"href":"https:\/\/swisstranslations.com\/index.php?rest_route=\/wp\/v2\/pages"}],"about":[{"href":"https:\/\/swisstranslations.com\/index.php?rest_route=\/wp\/v2\/types\/page"}],"author":[{"embeddable":true,"href":"https:\/\/swisstranslations.com\/index.php?rest_route=\/wp\/v2\/users\/2"}],"replies":[{"embeddable":true,"href":"https:\/\/swisstranslations.com\/index.php?rest_route=%2Fwp%2Fv2%2Fcomments&post=1414"}],"version-history":[{"count":9,"href":"https:\/\/swisstranslations.com\/index.php?rest_route=\/wp\/v2\/pages\/1414\/revisions"}],"predecessor-version":[{"id":2210,"href":"https:\/\/swisstranslations.com\/index.php?rest_route=\/wp\/v2\/pages\/1414\/revisions\/2210"}],"wp:attachment":[{"href":"https:\/\/swisstranslations.com\/index.php?rest_route=%2Fwp%2Fv2%2Fmedia&parent=1414"}],"curies":[{"name":"wp","href":"https:\/\/api.w.org\/{rel}","templated":true}]}}