{"id":815,"date":"2019-06-09T17:19:37","date_gmt":"2019-06-09T17:19:37","guid":{"rendered":"https:\/\/swisstranslations.com\/?page_id=815"},"modified":"2020-06-22T13:54:13","modified_gmt":"2020-06-22T13:54:13","slug":"traduzioni-legali-certificazioni","status":"publish","type":"page","link":"https:\/\/swisstranslations.com\/?page_id=815","title":{"rendered":"Traduzioni Legali"},"content":{"rendered":"<section class=\"wpb-content-wrapper\"><p>[vc_row full_width=&#8221;stretch_row&#8221; parallax=&#8221;content-moving&#8221; css=&#8221;.vc_custom_1570960249399{background-image: url(https:\/\/swisstranslations.com\/wp-content\/uploads\/2019\/10\/swisstranslations_traduzioni_legali_slider_home.jpg?id=1549) !important;background-position: center;background-repeat: no-repeat !important;background-size: cover !important;}&#8221;][vc_column][vc_empty_space alter_height=&#8221;huge&#8221; hide_on_mobile=&#8221;&#8221;][\/vc_column][vc_column width=&#8221;2\/3&#8243;][vc_empty_space alter_height=&#8221;huge&#8221; hide_on_mobile=&#8221;&#8221;][\/vc_column][vc_column width=&#8221;1\/3&#8243;][\/vc_column][\/vc_row][vc_row][vc_column][vc_empty_space alter_height=&#8221;medium&#8221; hide_on_mobile=&#8221;&#8221;]<div id=\"sc_title_1057358610\"\n\t\tclass=\"scheme_default sc_title sc_title_default\"><h1 class=\"sc_item_title sc_title_title sc_align_left sc_item_title_style_default sc_item_title_tag\">Traduzioni Legali e Certificazioni<\/h1><div class=\"sc_item_descr sc_title_descr sc_align_left\"><p>La nostra agenzia \u00e8 consapevole che il linguaggio e le norme giuridiche variano da Paese a Paese e per questo motivo le traduzioni legali richiedono traduttori specializzati.<br \/>\nI nostri traduttori conoscono queste differenze, molti di essi sono professionisti ed esperti in ambito legale e possono applicare la nomenclatura corretta fornendo traduzioni professionali. Un testo tradotto che tratta di argomenti nell\u2019ambito legale non va tuttavia confuso con un testo o un documento con valore giuridico: se state ricercando una traduzione che abbia valore legale, significa che ci\u00f2 che vi serve \u00e8 una traduzione certificata o legalizzata, servizio che Swiss Translations pu\u00f2, naturalmente, fornirvi.<\/p>\n<\/div><\/div><!-- \/.sc_title -->[vc_empty_space alter_height=&#8221;small&#8221; hide_on_mobile=&#8221;&#8221;][vc_column_text]<\/p>\n<h5>Esempi di traduzioni legali<\/h5>\n<p>In forza dell\u2019esperienza maturata nella fornitura di traduzioni legali, indichiamo di seguito alcuni dei documenti da noi tradotti:[\/vc_column_text][vc_empty_space alter_height=&#8221;small&#8221; hide_on_mobile=&#8221;&#8221;][\/vc_column][\/vc_row][vc_row][vc_column width=&#8221;1\/2&#8243;][vc_column_text]<\/p>\n<ul>\n<li>traduzione contratti<\/li>\n<li>traduzione sentenze<\/li>\n<li>traduzione ricorsi<\/li>\n<li>traduzione rogiti<\/li>\n<li>traduzione atti notarili<\/li>\n<li>traduzione procure<\/li>\n<li>traduzione statuti societari<\/li>\n<li>traduzione iscrizioni al Registro di Commercio<\/li>\n<li>traduzione trascrizioni di testimonianze e deposizioni<\/li>\n<li>traduzione note legali<\/li>\n<\/ul>\n<p>[\/vc_column_text][\/vc_column][vc_column width=&#8221;1\/2&#8243;][vc_column_text]<\/p>\n<ul>\n<li>traduzione accordi riservati<\/li>\n<li>traduzione certificazioni e dichiarazioni legali<\/li>\n<li>traduzione regolamenti e leggi<\/li>\n<li>traduzione relazioni legali e governative<\/li>\n<li>traduzione brevetti e marchi depositati<\/li>\n<li>traduzione lettere di credito<\/li>\n<li>traduzione documenti tecnici a sostegno del contenzioso<\/li>\n<li>traduzione licenze<\/li>\n<li>traduzione cause<\/li>\n<\/ul>\n<p>[\/vc_column_text][\/vc_column][\/vc_row][vc_row][vc_column][vc_empty_space alter_height=&#8221;small&#8221; hide_on_mobile=&#8221;&#8221;][vc_single_image image=&#8221;1579&#8243; img_size=&#8221;full&#8221;][vc_empty_space alter_height=&#8221;small&#8221; hide_on_mobile=&#8221;&#8221;][vc_column_text]<\/p>\n<h5>Confidenzialit\u00e0 delle informazioni<\/h5>\n<p>Tutti i nostri collaboratori sono vincolati dal segreto commerciale e hanno siglato accordi di non divulgazione aziendale poich\u00e9 per la nostra azienda la riservatezza e la sicurezza delle informazioni sono di primaria importanza.<\/p>\n<p>Tutti i lavori da noi eseguiti rimangono riservati: i nostri traduttori sono molto attenti\u00a0alla particolare natura di questo settore e lavorano nel pieno rispetto del rapporto avvocato-cliente.[\/vc_column_text][vc_empty_space alter_height=&#8221;small&#8221; hide_on_mobile=&#8221;&#8221;][vc_column_text]<\/p>\n<h5>Certificazioni e legalizzazioni<\/h5>\n<p>Dovete produrre documenti amministrativi destinati a un Paese straniero o a un ente che richiede una traduzione ufficiale? Tra i servizi di traduzione legale, offriamo ai nostri clienti anche quello di traduzioni certificate. In base alle esigenze del cliente e al Paese di destinazione del documento da tradurre, effettuiamo la giusta procedura di legalizzazione in modo che quanto tradotto abbia validit\u00e0 anche all\u2019estero.<\/p>\n<p>Occorrer\u00e0 semplicemente precisare il Paese di destinazione della traduzione e a tutto il resto pensiamo noi.<\/p>\n<p>Per le vostre <b>traduzioni legali<\/b> non esitate a contattarci via email a <a href=\"mailto:info@swisstranslations.com\">info@swisstranslations.com<\/a> o compilate il modulo qui sotto allegando il file che desiderate tradurre. Riceverete, nel pi\u00f9 breve tempo possibile, il nostro preventivo senza impegno con i tempi di consegna della traduzione.[\/vc_column_text][vc_empty_space alter_height=&#8221;medium&#8221; hide_on_mobile=&#8221;&#8221;][\/vc_column][\/vc_row][vc_row][vc_column]<div class=\"sc_layouts sc_layouts_default sc_layouts_646\">[vc_row full_width=\"stretch_row\" css=\".vc_custom_1592503508267{background-color: #f0f4f7 !important;}\"][vc_column width=\"2\/3\" icons_position=\"left\"][vc_empty_space alter_height=\"large\" hide_on_mobile=\"\" css=\".vc_custom_1570780276049{margin-top: -1.2rem !important;}\"]<div class=\"sc_layouts_item\"><div id=\"sc_title_1518587042\"\n\t\tclass=\"sc_title sc_title_default\"><h1 class=\"sc_item_title sc_title_title sc_align_left sc_item_title_style_default sc_item_title_tag\">Richiedi un preventivo!<\/h1><div class=\"sc_item_descr sc_title_descr sc_align_left\"><p>Per richiedere un preventivo o maggiori informazioni:<\/p>\n<\/div><\/div><!-- \/.sc_title --><\/div>[vc_empty_space alter_height=\"small\" hide_on_mobile=\"\" css=\".vc_custom_1592505932506{margin-top: -1rem !important;}\"]<div class=\"sc_layouts_item\"><div id=\"sc_icons_2097388721\" \n\tclass=\"sc_icons sc_icons_default sc_icons_size_small sc_align_left\"><div class=\"sc_icons_columns sc_item_columns trx_addons_columns_wrap columns_padding_bottom\"><div class=\"trx_addons_column-1_2\"><div class=\"sc_icons_item sc_icons_item_linked\"><div id=\"sc_icons_2097388721_icon-mail-light\" class=\"sc_icons_icon sc_icon_type_ icon-mail-light\"\n\t\t\t\t\t\t\t\t\t\t\t\t><span class=\"sc_icon_type_ icon-mail-light\"><\/span><\/div><h4 class=\"sc_icons_item_title\"><span>info@swisstranslations.com<\/span><\/h4><a href=\"mailto:%20info@swisstranslations.com\" class=\"sc_icons_item_link\"><\/a><\/div><\/div><div class=\"trx_addons_column-1_2\"><div class=\"sc_icons_item sc_icons_item_linked\"><div id=\"sc_icons_2097388721_icon-phone\" class=\"sc_icons_icon sc_icon_type_ icon-phone\"\n\t\t\t\t\t\t\t\t\t\t\t\t><span class=\"sc_icon_type_ icon-phone\"><\/span><\/div><h4 class=\"sc_icons_item_title\"><span>091 682 12 21<\/span><\/h4><a href=\"tel:%200916821221\" class=\"sc_icons_item_link\"><\/a><\/div><\/div><\/div><\/div><!-- \/.sc_icons --><\/div>[vc_empty_space alter_height=\"large\" hide_on_mobile=\"\" css=\".vc_custom_1570780281078{margin-top: -1rem !important;}\"][\/vc_column][vc_column width=\"1\/3\" icons_position=\"left\"][\/vc_column][\/vc_row]<\/div>[\/vc_column][\/vc_row]<\/p>\n<\/section>","protected":false},"excerpt":{"rendered":"<p>[vc_row full_width=&#8221;stretch_row&#8221; parallax=&#8221;content-moving&#8221; css=&#8221;.vc_custom_1570960249399{background-image: url(https:\/\/swisstranslations.com\/wp-content\/uploads\/2019\/10\/swisstranslations_traduzioni_legali_slider_home.jpg?id=1549) !important;background-position: center;background-repeat: no-repeat !important;background-size: cover !important;}&#8221;][vc_column][vc_empty_space alter_height=&#8221;huge&#8221; hide_on_mobile=&#8221;&#8221;][\/vc_column][vc_column width=&#8221;2\/3&#8243;][vc_empty_space alter_height=&#8221;huge&#8221; hide_on_mobile=&#8221;&#8221;][\/vc_column][vc_column width=&#8221;1\/3&#8243;][\/vc_column][\/vc_row][vc_row][vc_column][vc_empty_space alter_height=&#8221;medium&#8221; hide_on_mobile=&#8221;&#8221;][vc_empty_space alter_height=&#8221;small&#8221; hide_on_mobile=&#8221;&#8221;][vc_column_text] Esempi di traduzioni legali In forza dell\u2019esperienza maturata nella fornitura di traduzioni legali, indichiamo di seguito alcuni dei documenti&hellip;<\/p>\n","protected":false},"author":3,"featured_media":1971,"parent":0,"menu_order":0,"comment_status":"closed","ping_status":"closed","template":"","meta":{"_monsterinsights_skip_tracking":false,"_monsterinsights_sitenote_active":false,"_monsterinsights_sitenote_note":"","_monsterinsights_sitenote_category":0,"footnotes":""},"class_list":["post-815","page","type-page","status-publish","has-post-thumbnail","hentry"],"_links":{"self":[{"href":"https:\/\/swisstranslations.com\/index.php?rest_route=\/wp\/v2\/pages\/815","targetHints":{"allow":["GET"]}}],"collection":[{"href":"https:\/\/swisstranslations.com\/index.php?rest_route=\/wp\/v2\/pages"}],"about":[{"href":"https:\/\/swisstranslations.com\/index.php?rest_route=\/wp\/v2\/types\/page"}],"author":[{"embeddable":true,"href":"https:\/\/swisstranslations.com\/index.php?rest_route=\/wp\/v2\/users\/3"}],"replies":[{"embeddable":true,"href":"https:\/\/swisstranslations.com\/index.php?rest_route=%2Fwp%2Fv2%2Fcomments&post=815"}],"version-history":[{"count":59,"href":"https:\/\/swisstranslations.com\/index.php?rest_route=\/wp\/v2\/pages\/815\/revisions"}],"predecessor-version":[{"id":2182,"href":"https:\/\/swisstranslations.com\/index.php?rest_route=\/wp\/v2\/pages\/815\/revisions\/2182"}],"wp:featuredmedia":[{"embeddable":true,"href":"https:\/\/swisstranslations.com\/index.php?rest_route=\/wp\/v2\/media\/1971"}],"wp:attachment":[{"href":"https:\/\/swisstranslations.com\/index.php?rest_route=%2Fwp%2Fv2%2Fmedia&parent=815"}],"curies":[{"name":"wp","href":"https:\/\/api.w.org\/{rel}","templated":true}]}}