{"id":823,"date":"2019-06-09T17:22:19","date_gmt":"2019-06-09T17:22:19","guid":{"rendered":"https:\/\/swisstranslations.com\/?page_id=823"},"modified":"2020-06-22T13:54:44","modified_gmt":"2020-06-22T13:54:44","slug":"traduzioni-tecniche-manuali-documenti-tecnici","status":"publish","type":"page","link":"https:\/\/swisstranslations.com\/?page_id=823","title":{"rendered":"Traduzioni Tecniche"},"content":{"rendered":"<section class=\"wpb-content-wrapper\"><p>[vc_row full_width=&#8221;stretch_row&#8221; content_placement=&#8221;middle&#8221; parallax=&#8221;content-moving&#8221; css=&#8221;.vc_custom_1570970811717{background-image: url(https:\/\/swisstranslations.com\/wp-content\/uploads\/2019\/10\/swisstranslations_traduzioni_tecniche_slider_home.jpg?id=1550) !important;background-position: center;background-repeat: no-repeat !important;background-size: cover !important;}&#8221;][vc_column][vc_empty_space alter_height=&#8221;huge&#8221; hide_on_mobile=&#8221;&#8221;][\/vc_column][vc_column width=&#8221;2\/3&#8243;][vc_empty_space alter_height=&#8221;huge&#8221; hide_on_mobile=&#8221;&#8221;][\/vc_column][vc_column width=&#8221;1\/3&#8243;][\/vc_column][\/vc_row][vc_row][vc_column][vc_empty_space alter_height=&#8221;medium&#8221; hide_on_mobile=&#8221;&#8221;]<div id=\"sc_title_839007045\"\n\t\tclass=\"sc_title sc_title_default\"><h1 class=\"sc_item_title sc_title_title sc_align_left sc_item_title_style_default sc_item_title_tag\">Traduzioni Tecniche<\/h1><div class=\"sc_item_descr sc_title_descr sc_align_left\"><p>Poich\u00e9 la traduzione di documenti tecnici \u00e8 un elemento importante del vostro successo, \u00e8 necessario che le vostre traduzioni siano completamente esatte. Grazie alla collaborazione di traduttori specializzati nella traduzione di documentazione e manualistica tecnica con specifiche conoscenze tecniche ed esperienza pluriennale nel settore, Swiss Translations \u00e8 in grado di soddisfare tutte le vostre richieste.<\/p>\n<p>Ci occupiamo di traduzioni tecniche di manuali, libretti di istruzione, schede tecniche, capitolati, normative, procedure e brevetti. Se disponete di un manuale tecnico, di specifiche di ingegneria o di una domanda di brevetto che devono essere tradotti siamo la vostra soluzione ideale.<\/p>\n<\/div><\/div><!-- \/.sc_title -->[vc_empty_space alter_height=&#8221;small&#8221; hide_on_mobile=&#8221;&#8221;][vc_column_text]<\/p>\n<h5>Esempi di traduzioni tecniche<\/h5>\n<p>I seguenti sono esempi di tipi di documenti tecnici che siamo soliti tradurre:[\/vc_column_text][vc_empty_space alter_height=&#8221;small&#8221; hide_on_mobile=&#8221;&#8221;][\/vc_column][\/vc_row][vc_row][vc_column width=&#8221;1\/2&#8243;][vc_column_text]<\/p>\n<ul>\n<li>traduzione manuali tecnici<\/li>\n<li>traduzione manuali operativi<\/li>\n<li>traduzione manuali d\u2019uso e di manutenzione<\/li>\n<li>traduzione manuali di installazione<\/li>\n<li>traduzione manuali informativi<\/li>\n<li>traduzione manuali on-line<\/li>\n<li>traduzione libretti di istruzione<\/li>\n<\/ul>\n<p>[\/vc_column_text][\/vc_column][vc_column width=&#8221;1\/2&#8243;][vc_column_text]<\/p>\n<ul>\n<li>traduzione schede tecniche<\/li>\n<li>traduzione capitolati tecnici<\/li>\n<li>traduzione normative tecniche<\/li>\n<li>traduzione cataloghi di prodotti<\/li>\n<li>traduzione procedure di certificazione ISO<\/li>\n<li>traduzione brevetti<\/li>\n<\/ul>\n<p>[\/vc_column_text][\/vc_column][\/vc_row][vc_row][vc_column][vc_empty_space alter_height=&#8221;small&#8221; hide_on_mobile=&#8221;&#8221;][vc_single_image image=&#8221;1685&#8243; img_size=&#8221;full&#8221;][vc_empty_space alter_height=&#8221;small&#8221; hide_on_mobile=&#8221;&#8221;][vc_column_text]<\/p>\n<h5>Confidenzialit\u00e0 delle informazioni<\/h5>\n<p>Tutti i nostri collaboratori sono vincolati dal segreto commerciale e hanno siglato accordi di non divulgazione aziendale poich\u00e9 per la nostra azienda la riservatezza e la sicurezza delle informazioni sono di primaria importanza.<\/p>\n<p>Tutti i lavori da noi eseguiti rimangono riservati: i nostri traduttori sono molto attenti\u00a0alla particolare natura di questo settore e lavorano nel pieno rispetto della riservatezza.<\/p>\n<p>SWISS TRANSLATIONS \u00e8 leader nel settore delle traduzioni e vi offre uno dei migliori servizi di traduzione di documenti tecnici.[\/vc_column_text][vc_empty_space alter_height=&#8221;small&#8221; hide_on_mobile=&#8221;&#8221;][vc_column_text]<\/p>\n<h5>Certificazioni e legalizzazioni<\/h5>\n<p>Insieme alla traduzione tecnica, offriamo ai nostri clienti anche quello di traduzione con certificazione e\/o legalizzazione. In base alle esigenze del cliente e al Paese di destinazione del documento da tradurre, effettuiamo la giusta procedura di legalizzazione in modo che quanto tradotto abbia validit\u00e0 anche all\u2019estero.<\/p>\n<p>Occorrer\u00e0 semplicemente precisare il Paese di destinazione della traduzione e a tutto il resto pensiamo noi.<\/p>\n<p>Per le vostre\u00a0traduzioni\u00a0tecniche non esitate a contattarci via email a\u00a0<a href=\"mailto:info@swisstranslations.com\">info@swisstranslations.com<\/a>\u00a0o compilate il modulo qui sotto allegando il file che desiderate tradurre. Riceverete, nel pi\u00f9 breve tempo possibile, il nostro preventivo senza impegno con i tempi di consegna della traduzione.<\/p>\n<p>[\/vc_column_text][vc_empty_space alter_height=&#8221;medium&#8221; hide_on_mobile=&#8221;&#8221;][\/vc_column][\/vc_row][vc_row][vc_column]<div class=\"sc_layouts sc_layouts_default sc_layouts_646\">[vc_row full_width=\"stretch_row\" css=\".vc_custom_1592503508267{background-color: #f0f4f7 !important;}\"][vc_column width=\"2\/3\" icons_position=\"left\"][vc_empty_space alter_height=\"large\" hide_on_mobile=\"\" css=\".vc_custom_1570780276049{margin-top: -1.2rem !important;}\"]<div class=\"sc_layouts_item\"><div id=\"sc_title_685885595\"\n\t\tclass=\"sc_title sc_title_default\"><h1 class=\"sc_item_title sc_title_title sc_align_left sc_item_title_style_default sc_item_title_tag\">Richiedi un preventivo!<\/h1><div class=\"sc_item_descr sc_title_descr sc_align_left\"><p>Per richiedere un preventivo o maggiori informazioni:<\/p>\n<\/div><\/div><!-- \/.sc_title --><\/div>[vc_empty_space alter_height=\"small\" hide_on_mobile=\"\" css=\".vc_custom_1592505932506{margin-top: -1rem !important;}\"]<div class=\"sc_layouts_item\"><div id=\"sc_icons_2064603101\" \n\tclass=\"sc_icons sc_icons_default sc_icons_size_small sc_align_left\"><div class=\"sc_icons_columns sc_item_columns trx_addons_columns_wrap columns_padding_bottom\"><div class=\"trx_addons_column-1_2\"><div class=\"sc_icons_item sc_icons_item_linked\"><div id=\"sc_icons_2064603101_icon-mail-light\" class=\"sc_icons_icon sc_icon_type_ icon-mail-light\"\n\t\t\t\t\t\t\t\t\t\t\t\t><span class=\"sc_icon_type_ icon-mail-light\"><\/span><\/div><h4 class=\"sc_icons_item_title\"><span>info@swisstranslations.com<\/span><\/h4><a href=\"mailto:%20info@swisstranslations.com\" class=\"sc_icons_item_link\"><\/a><\/div><\/div><div class=\"trx_addons_column-1_2\"><div class=\"sc_icons_item sc_icons_item_linked\"><div id=\"sc_icons_2064603101_icon-phone\" class=\"sc_icons_icon sc_icon_type_ icon-phone\"\n\t\t\t\t\t\t\t\t\t\t\t\t><span class=\"sc_icon_type_ icon-phone\"><\/span><\/div><h4 class=\"sc_icons_item_title\"><span>091 682 12 21<\/span><\/h4><a href=\"tel:%200916821221\" class=\"sc_icons_item_link\"><\/a><\/div><\/div><\/div><\/div><!-- \/.sc_icons --><\/div>[vc_empty_space alter_height=\"large\" hide_on_mobile=\"\" css=\".vc_custom_1570780281078{margin-top: -1rem !important;}\"][\/vc_column][vc_column width=\"1\/3\" icons_position=\"left\"][\/vc_column][\/vc_row]<\/div>[\/vc_column][\/vc_row]<\/p>\n<\/section>","protected":false},"excerpt":{"rendered":"<p>[vc_row full_width=&#8221;stretch_row&#8221; content_placement=&#8221;middle&#8221; parallax=&#8221;content-moving&#8221; css=&#8221;.vc_custom_1570970811717{background-image: url(https:\/\/swisstranslations.com\/wp-content\/uploads\/2019\/10\/swisstranslations_traduzioni_tecniche_slider_home.jpg?id=1550) !important;background-position: center;background-repeat: no-repeat !important;background-size: cover !important;}&#8221;][vc_column][vc_empty_space alter_height=&#8221;huge&#8221; hide_on_mobile=&#8221;&#8221;][\/vc_column][vc_column width=&#8221;2\/3&#8243;][vc_empty_space alter_height=&#8221;huge&#8221; hide_on_mobile=&#8221;&#8221;][\/vc_column][vc_column width=&#8221;1\/3&#8243;][\/vc_column][\/vc_row][vc_row][vc_column][vc_empty_space alter_height=&#8221;medium&#8221; hide_on_mobile=&#8221;&#8221;][vc_empty_space alter_height=&#8221;small&#8221; hide_on_mobile=&#8221;&#8221;][vc_column_text] Esempi di traduzioni tecniche I seguenti sono esempi di tipi di documenti tecnici che siamo soliti tradurre:[\/vc_column_text][vc_empty_space alter_height=&#8221;small&#8221;&hellip;<\/p>\n","protected":false},"author":3,"featured_media":1977,"parent":0,"menu_order":0,"comment_status":"closed","ping_status":"closed","template":"","meta":{"_monsterinsights_skip_tracking":false,"_monsterinsights_sitenote_active":false,"_monsterinsights_sitenote_note":"","_monsterinsights_sitenote_category":0,"footnotes":""},"class_list":["post-823","page","type-page","status-publish","has-post-thumbnail","hentry"],"_links":{"self":[{"href":"https:\/\/swisstranslations.com\/index.php?rest_route=\/wp\/v2\/pages\/823","targetHints":{"allow":["GET"]}}],"collection":[{"href":"https:\/\/swisstranslations.com\/index.php?rest_route=\/wp\/v2\/pages"}],"about":[{"href":"https:\/\/swisstranslations.com\/index.php?rest_route=\/wp\/v2\/types\/page"}],"author":[{"embeddable":true,"href":"https:\/\/swisstranslations.com\/index.php?rest_route=\/wp\/v2\/users\/3"}],"replies":[{"embeddable":true,"href":"https:\/\/swisstranslations.com\/index.php?rest_route=%2Fwp%2Fv2%2Fcomments&post=823"}],"version-history":[{"count":20,"href":"https:\/\/swisstranslations.com\/index.php?rest_route=\/wp\/v2\/pages\/823\/revisions"}],"predecessor-version":[{"id":2185,"href":"https:\/\/swisstranslations.com\/index.php?rest_route=\/wp\/v2\/pages\/823\/revisions\/2185"}],"wp:featuredmedia":[{"embeddable":true,"href":"https:\/\/swisstranslations.com\/index.php?rest_route=\/wp\/v2\/media\/1977"}],"wp:attachment":[{"href":"https:\/\/swisstranslations.com\/index.php?rest_route=%2Fwp%2Fv2%2Fmedia&parent=823"}],"curies":[{"name":"wp","href":"https:\/\/api.w.org\/{rel}","templated":true}]}}